{"id":844,"date":"2026-03-06T20:12:44","date_gmt":"2026-03-06T23:12:44","guid":{"rendered":"https:\/\/www.cacaulargodabatalha.com.br\/loja\/?post_type=product&#038;p=844"},"modified":"2026-04-02T21:05:31","modified_gmt":"2026-04-03T00:05:31","slug":"ovo-pascoa-leite-bola-cbf-chocoesportes-170","status":"publish","type":"product","link":"https:\/\/www.cacaulargodabatalha.com.br\/loja\/produto\/ovo-pascoa-leite-bola-cbf-chocoesportes-170\/","title":{"rendered":"Ovo de P\u00e1scoa ao Leite Bola CBF Chocoesportes 170g"},"content":{"rendered":"<p><strong>Conhe\u00e7a o Ovo de P\u00e1scoa ao Leite Bola CBF Chocoesportes 170g da Cacau Show\u00a0<\/strong><\/p>\n<p><strong>O Ovo de P\u00e1scoa ao Leite Bola CBF Chocoesportes\u00a0<\/strong>\u00e9 a escolha perfeita para quem ama chocolate e torce com a\u00a0<strong>Sele\u00e7\u00e3o Brasileira<\/strong>! Feito com\u00a0<strong>chocolate ao leite cremoso<\/strong>\u00a0e acompanhado de\u00a0<strong>drageados crocantes<\/strong>, ele transforma cada peda\u00e7o em um momento especial. Para completar, vem com uma\u00a0<strong>minibola da Sele\u00e7\u00e3o Brasileira,<\/strong>\u00a0um\u00a0<strong>brinde divertido<\/strong>\u00a0para quem\u00a0<strong>gosta de futebol.<\/strong><\/p>\n<p><strong>Sabor inigual\u00e1vel<\/strong><br \/>\nFeito com\u00a0<strong>chocolate ao leite<\/strong>, cada mordida\u00a0<strong>derrete na boca<\/strong>. Os\u00a0<strong>drageados crocantes\u00a0<\/strong>complementam a experi\u00eancia, trazendo uma\u00a0<strong>textura saborosa<\/strong>\u00a0que combina com a cremosidade do chocolate ao leite e torna o\u00a0<strong>sabor equilibrad<\/strong>o.<\/p>\n<p><strong>Detalhes<\/strong><br \/>\n\u2022\u00a0Ovo de chocolate ao leite.<br \/>\n\u2022\u00a0Drageados crocantes de chocolate ao leite.<br \/>\n\u2022\u00a0<strong>Minibola da Sele\u00e7\u00e3o Brasileira<\/strong>.<br \/>\n\u2022\u00a0<strong>Medidas do Brinde<\/strong>: 21 cm de di\u00e2metro.<\/p>\n<p><strong>Por que escolher o Ovo de P\u00e1scoa ao Leite Bola CBF Chocoesportes 170g?<\/strong><br \/>\nEle une sabor, divers\u00e3o e\u00a0<strong>paix\u00e3o pelo futebol<\/strong>! Al\u00e9m do chocolate delicioso, voc\u00ea ganha uma minibola\u00a0<strong>da Sele\u00e7\u00e3o Brasileira<\/strong>! Ideal para\u00a0<strong>f\u00e3s do esporte<\/strong>\u00a0e perfeito para presentear.<\/p>\n","protected":false},"excerpt":{"rendered":"<div class=\"it_product-detail__shortDescription-text\">\n<p><strong>Ovo de chocolate ao leite<\/strong>\u00a0com\u00a0<strong>drageados crocantes<\/strong>\u00a0e uma\u00a0<strong>minibola da Sele\u00e7\u00e3o Brasileira<\/strong>. Uma\u00a0<strong>P\u00e1scoa deliciosa<\/strong>\u00a0para quem ama futebol!<\/p>\n<\/div>\n","protected":false},"featured_media":845,"template":"","meta":{"site-sidebar-layout":"default","site-content-layout":"","ast-site-content-layout":"default","site-content-style":"default","site-sidebar-style":"default","ast-global-header-display":"","ast-banner-title-visibility":"","ast-main-header-display":"","ast-hfb-above-header-display":"","ast-hfb-below-header-display":"","ast-hfb-mobile-header-display":"","site-post-title":"","ast-breadcrumbs-content":"","ast-featured-img":"","footer-sml-layout":"","theme-transparent-header-meta":"default","adv-header-id-meta":"","stick-header-meta":"","header-above-stick-meta":"","header-main-stick-meta":"","header-below-stick-meta":"","astra-migrate-meta-layouts":"set","ast-page-background-enabled":"default","ast-page-background-meta":{"desktop":{"background-color":"","background-image":"","background-repeat":"repeat","background-position":"center center","background-size":"auto","background-attachment":"scroll","background-type":"","background-media":"","overlay-type":"","overlay-color":"","overlay-opacity":"","overlay-gradient":""},"tablet":{"background-color":"","background-image":"","background-repeat":"repeat","background-position":"center center","background-size":"auto","background-attachment":"scroll","background-type":"","background-media":"","overlay-type":"","overlay-color":"","overlay-opacity":"","overlay-gradient":""},"mobile":{"background-color":"","background-image":"","background-repeat":"repeat","background-position":"center center","background-size":"auto","background-attachment":"scroll","background-type":"","background-media":"","overlay-type":"","overlay-color":"","overlay-opacity":"","overlay-gradient":""}},"ast-content-background-meta":{"desktop":{"background-color":"var(--ast-global-color-5)","background-image":"","background-repeat":"repeat","background-position":"center center","background-size":"auto","background-attachment":"scroll","background-type":"","background-media":"","overlay-type":"","overlay-color":"","overlay-opacity":"","overlay-gradient":""},"tablet":{"background-color":"var(--ast-global-color-5)","background-image":"","background-repeat":"repeat","background-position":"center center","background-size":"auto","background-attachment":"scroll","background-type":"","background-media":"","overlay-type":"","overlay-color":"","overlay-opacity":"","overlay-gradient":""},"mobile":{"background-color":"var(--ast-global-color-5)","background-image":"","background-repeat":"repeat","background-position":"center center","background-size":"auto","background-attachment":"scroll","background-type":"","background-media":"","overlay-type":"","overlay-color":"","overlay-opacity":"","overlay-gradient":""}}},"product_brand":[],"product_cat":[29,33],"product_tag":[],"class_list":{"0":"post-844","1":"product","2":"type-product","3":"status-publish","4":"has-post-thumbnail","6":"product_cat-exclusivos","7":"product_cat-pascoa-2026","8":"desktop-align-left","9":"tablet-align-left","10":"mobile-align-left","12":"first","13":"outofstock","14":"sale","15":"taxable","16":"shipping-taxable","17":"purchasable","18":"product-type-simple"},"_links":{"self":[{"href":"https:\/\/www.cacaulargodabatalha.com.br\/loja\/wp-json\/wp\/v2\/product\/844","targetHints":{"allow":["GET"]}}],"collection":[{"href":"https:\/\/www.cacaulargodabatalha.com.br\/loja\/wp-json\/wp\/v2\/product"}],"about":[{"href":"https:\/\/www.cacaulargodabatalha.com.br\/loja\/wp-json\/wp\/v2\/types\/product"}],"wp:featuredmedia":[{"embeddable":true,"href":"https:\/\/www.cacaulargodabatalha.com.br\/loja\/wp-json\/wp\/v2\/media\/845"}],"wp:attachment":[{"href":"https:\/\/www.cacaulargodabatalha.com.br\/loja\/wp-json\/wp\/v2\/media?parent=844"}],"wp:term":[{"taxonomy":"product_brand","embeddable":true,"href":"https:\/\/www.cacaulargodabatalha.com.br\/loja\/wp-json\/wp\/v2\/product_brand?post=844"},{"taxonomy":"product_cat","embeddable":true,"href":"https:\/\/www.cacaulargodabatalha.com.br\/loja\/wp-json\/wp\/v2\/product_cat?post=844"},{"taxonomy":"product_tag","embeddable":true,"href":"https:\/\/www.cacaulargodabatalha.com.br\/loja\/wp-json\/wp\/v2\/product_tag?post=844"}],"curies":[{"name":"wp","href":"https:\/\/api.w.org\/{rel}","templated":true}]}}