{"id":829,"date":"2026-02-28T19:58:26","date_gmt":"2026-02-28T22:58:26","guid":{"rendered":"https:\/\/www.cacaulargodabatalha.com.br\/loja\/?post_type=product&#038;p=829"},"modified":"2026-03-11T12:45:06","modified_gmt":"2026-03-11T15:45:06","slug":"ovo-de-pascoa-lacreme-ao-leite-2kg","status":"publish","type":"product","link":"https:\/\/www.cacaulargodabatalha.com.br\/loja\/produto\/ovo-de-pascoa-lacreme-ao-leite-2kg\/","title":{"rendered":"Ovo de P\u00e1scoa laCreme ao Leite 2kg"},"content":{"rendered":"<p><strong>Conhe\u00e7a o Ovo de P\u00e1scoa laCreme ao Leite 2kg da Cacau Show<\/strong><br \/>\nO cl\u00e1ssico\u00a0<strong>chocolate ao leite laCreme\u00a0<\/strong>em um\u00a0<strong>ovo gigante de 2kg<\/strong>\u00a0\u00e9 a escolha perfeita para quem deseja presentear com grandeza e muito sabor. Produzido com o cl\u00e1ssico\u00a0<strong>chocolate ao leite laCreme<\/strong>, conhecido por sua textura extremamente cremosa e sabor marcante. Este ovo em tamanho especial foi pensado principalmente para quem busca um presente impressionante e marcante. Para completar a experi\u00eancia, ele acompanha tabletes de\u00a0<strong>chocolate ao leite<\/strong>, garantindo ainda mais momentos de prazer.<br \/>\n<strong>Sabor inigual\u00e1vel\u00a0<\/strong><br \/>\nO\u00a0<strong>chocolate ao leite laCreme<\/strong>\u00a0oferece cremosidade intensa e derretimento suave na boca que agrada a todos os paladares. Uma experi\u00eancia marcante que j\u00e1 \u00e9 marca registrada da linha mais amada da\u00a0<strong>Cacau Show<\/strong>.<br \/>\n<strong>Detalhes\u00a0<\/strong><br \/>\n\u2022\u00a0Ovo de\u00a0<strong>chocolate ao leite<\/strong>.<br \/>\n\u2022\u00a0Acompanha<strong>\u00a0tabletes de chocolate ao leite<\/strong>.<br \/>\n\u2022\u00a0Tamanho especial de 2kg, ideal para surpreender e encantar.<br \/>\n<strong>Por que escolher o Ovo de P\u00e1scoa laCreme ao Leite 2kg?<\/strong><br \/>\n\u00c9 o presente ideal para quem deseja impressionar com muito sabor, qualidade e um tamanho grandioso. Perfeito para apaixonados por\u00a0<strong>chocolate ao leite<\/strong>\u00a0e para quem busca uma experi\u00eancia de\u00a0<strong>P\u00e1scoa\u00a0<\/strong>memor\u00e1vel.<\/p>\n","protected":false},"excerpt":{"rendered":"<div class=\"it_product-detail__shortDescription-text\">\n<p>O cl\u00e1ssico\u00a0<strong>chocolate ao leite laCreme\u00a0<\/strong>em um ovo gigante de 2kg, acompanhado de tabletes ao leite. Um present\u00e3o cremoso, especial e perfeito para a\u00a0<strong>P\u00e1scoa<\/strong>!<\/p>\n<\/div>\n","protected":false},"featured_media":830,"template":"","meta":{"site-sidebar-layout":"default","site-content-layout":"","ast-site-content-layout":"default","site-content-style":"default","site-sidebar-style":"default","ast-global-header-display":"","ast-banner-title-visibility":"","ast-main-header-display":"","ast-hfb-above-header-display":"","ast-hfb-below-header-display":"","ast-hfb-mobile-header-display":"","site-post-title":"","ast-breadcrumbs-content":"","ast-featured-img":"","footer-sml-layout":"","theme-transparent-header-meta":"default","adv-header-id-meta":"","stick-header-meta":"","header-above-stick-meta":"","header-main-stick-meta":"","header-below-stick-meta":"","astra-migrate-meta-layouts":"set","ast-page-background-enabled":"default","ast-page-background-meta":{"desktop":{"background-color":"","background-image":"","background-repeat":"repeat","background-position":"center center","background-size":"auto","background-attachment":"scroll","background-type":"","background-media":"","overlay-type":"","overlay-color":"","overlay-opacity":"","overlay-gradient":""},"tablet":{"background-color":"","background-image":"","background-repeat":"repeat","background-position":"center center","background-size":"auto","background-attachment":"scroll","background-type":"","background-media":"","overlay-type":"","overlay-color":"","overlay-opacity":"","overlay-gradient":""},"mobile":{"background-color":"","background-image":"","background-repeat":"repeat","background-position":"center center","background-size":"auto","background-attachment":"scroll","background-type":"","background-media":"","overlay-type":"","overlay-color":"","overlay-opacity":"","overlay-gradient":""}},"ast-content-background-meta":{"desktop":{"background-color":"var(--ast-global-color-5)","background-image":"","background-repeat":"repeat","background-position":"center center","background-size":"auto","background-attachment":"scroll","background-type":"","background-media":"","overlay-type":"","overlay-color":"","overlay-opacity":"","overlay-gradient":""},"tablet":{"background-color":"var(--ast-global-color-5)","background-image":"","background-repeat":"repeat","background-position":"center center","background-size":"auto","background-attachment":"scroll","background-type":"","background-media":"","overlay-type":"","overlay-color":"","overlay-opacity":"","overlay-gradient":""},"mobile":{"background-color":"var(--ast-global-color-5)","background-image":"","background-repeat":"repeat","background-position":"center center","background-size":"auto","background-attachment":"scroll","background-type":"","background-media":"","overlay-type":"","overlay-color":"","overlay-opacity":"","overlay-gradient":""}}},"product_brand":[],"product_cat":[33],"product_tag":[],"class_list":{"0":"post-829","1":"product","2":"type-product","3":"status-publish","4":"has-post-thumbnail","6":"product_cat-pascoa-2026","7":"desktop-align-left","8":"tablet-align-left","9":"mobile-align-left","11":"first","12":"outofstock","13":"sale","14":"taxable","15":"shipping-taxable","16":"purchasable","17":"product-type-simple"},"_links":{"self":[{"href":"https:\/\/www.cacaulargodabatalha.com.br\/loja\/wp-json\/wp\/v2\/product\/829","targetHints":{"allow":["GET"]}}],"collection":[{"href":"https:\/\/www.cacaulargodabatalha.com.br\/loja\/wp-json\/wp\/v2\/product"}],"about":[{"href":"https:\/\/www.cacaulargodabatalha.com.br\/loja\/wp-json\/wp\/v2\/types\/product"}],"wp:featuredmedia":[{"embeddable":true,"href":"https:\/\/www.cacaulargodabatalha.com.br\/loja\/wp-json\/wp\/v2\/media\/830"}],"wp:attachment":[{"href":"https:\/\/www.cacaulargodabatalha.com.br\/loja\/wp-json\/wp\/v2\/media?parent=829"}],"wp:term":[{"taxonomy":"product_brand","embeddable":true,"href":"https:\/\/www.cacaulargodabatalha.com.br\/loja\/wp-json\/wp\/v2\/product_brand?post=829"},{"taxonomy":"product_cat","embeddable":true,"href":"https:\/\/www.cacaulargodabatalha.com.br\/loja\/wp-json\/wp\/v2\/product_cat?post=829"},{"taxonomy":"product_tag","embeddable":true,"href":"https:\/\/www.cacaulargodabatalha.com.br\/loja\/wp-json\/wp\/v2\/product_tag?post=829"}],"curies":[{"name":"wp","href":"https:\/\/api.w.org\/{rel}","templated":true}]}}