{"id":744,"date":"2026-01-31T13:35:05","date_gmt":"2026-01-31T16:35:05","guid":{"rendered":"https:\/\/www.cacaulargodabatalha.com.br\/loja\/?post_type=product&#038;p=744"},"modified":"2026-04-02T21:03:28","modified_gmt":"2026-04-03T00:03:28","slug":"ovo-de-pascoa-dreams-dubai-pistache-400g","status":"publish","type":"product","link":"https:\/\/www.cacaulargodabatalha.com.br\/loja\/produto\/ovo-de-pascoa-dreams-dubai-pistache-400g\/","title":{"rendered":"Ovo De P\u00e1scoa Dreams Dubai Pistache 400g"},"content":{"rendered":"<p><strong>Conhe\u00e7a o Ovo de P\u00e1scoa Dreams Dubai Pistache 400g da Cacau Show<\/strong><\/p>\n<p>O\u00a0<strong>Ovo de P\u00e1scoa Dreams Dubai Pistache<\/strong>\u00a0entrega uma experi\u00eancia \u00fanica, cheia de\u00a0<strong>sabor<\/strong>\u00a0e\u00a0<strong>cremosidade<\/strong>! Feito com a combina\u00e7\u00e3o irresist\u00edvel do\u00a0<strong>chocolate ao leite<\/strong>\u00a0e\u00a0<strong>branco<\/strong>, ele vem recheado com\u00a0<strong>creme de pistache<\/strong>\u00a0e finalizado com\u00a0<strong>kataifi<\/strong>\u00a0crocante, garantindo uma\u00a0<strong>combina\u00e7\u00e3o deliciosa<\/strong>\u00a0em cada peda\u00e7o.<\/p>\n<p><strong>Sabor inigual\u00e1vel<\/strong><br \/>\nA combina\u00e7\u00e3o entre o<strong>\u00a0creme de pistache<\/strong>\u00a0cremoso e o\u00a0<strong>crocante delicado<\/strong>\u00a0do kataifi cria uma textura em cada peda\u00e7o. \u00c9 perfeito para quem busca uma\u00a0<strong>P\u00e1scoa\u00a0<\/strong>cheia de sabor, com uma experi\u00eancia inesquec\u00edvel.<\/p>\n<p><strong>Detalhes<\/strong><br \/>\n\u2022\u00a0Ovo de chocolate ao leite e branco.<br \/>\n\u2022\u00a0Recheado com creme de pistache.<br \/>\n\u2022\u00a0Finaliza\u00e7\u00e3o com kataifi crocante.<\/p>\n<p><strong>Por que escolher o Ovo de P\u00e1scoa Dreams Dubai Pistache 400g?<\/strong><br \/>\nPorque ele combina a\u00a0<strong>cremosidade do pistache<\/strong>\u00a0com o\u00a0<strong>crocante do kataifi<\/strong>, criando um sabor ainda mais marcante e delicioso!<\/p>\n","protected":false},"excerpt":{"rendered":"<p>O <strong>Ovo de P\u00e1scoa Dreams Dubai Pistache 400g<\/strong> \u00e9 feito de chocolate ao leite e branco com um<strong> recheio cremoso de pistache<\/strong> e peda\u00e7os de <strong>kataifi<\/strong>.<\/p>\n","protected":false},"featured_media":788,"template":"","meta":{"site-sidebar-layout":"default","site-content-layout":"","ast-site-content-layout":"default","site-content-style":"default","site-sidebar-style":"default","ast-global-header-display":"","ast-banner-title-visibility":"","ast-main-header-display":"","ast-hfb-above-header-display":"","ast-hfb-below-header-display":"","ast-hfb-mobile-header-display":"","site-post-title":"","ast-breadcrumbs-content":"","ast-featured-img":"","footer-sml-layout":"","theme-transparent-header-meta":"default","adv-header-id-meta":"","stick-header-meta":"","header-above-stick-meta":"","header-main-stick-meta":"","header-below-stick-meta":"","astra-migrate-meta-layouts":"set","ast-page-background-enabled":"default","ast-page-background-meta":{"desktop":{"background-color":"","background-image":"","background-repeat":"repeat","background-position":"center center","background-size":"auto","background-attachment":"scroll","background-type":"","background-media":"","overlay-type":"","overlay-color":"","overlay-opacity":"","overlay-gradient":""},"tablet":{"background-color":"","background-image":"","background-repeat":"repeat","background-position":"center center","background-size":"auto","background-attachment":"scroll","background-type":"","background-media":"","overlay-type":"","overlay-color":"","overlay-opacity":"","overlay-gradient":""},"mobile":{"background-color":"","background-image":"","background-repeat":"repeat","background-position":"center center","background-size":"auto","background-attachment":"scroll","background-type":"","background-media":"","overlay-type":"","overlay-color":"","overlay-opacity":"","overlay-gradient":""}},"ast-content-background-meta":{"desktop":{"background-color":"var(--ast-global-color-5)","background-image":"","background-repeat":"repeat","background-position":"center center","background-size":"auto","background-attachment":"scroll","background-type":"","background-media":"","overlay-type":"","overlay-color":"","overlay-opacity":"","overlay-gradient":""},"tablet":{"background-color":"var(--ast-global-color-5)","background-image":"","background-repeat":"repeat","background-position":"center center","background-size":"auto","background-attachment":"scroll","background-type":"","background-media":"","overlay-type":"","overlay-color":"","overlay-opacity":"","overlay-gradient":""},"mobile":{"background-color":"var(--ast-global-color-5)","background-image":"","background-repeat":"repeat","background-position":"center center","background-size":"auto","background-attachment":"scroll","background-type":"","background-media":"","overlay-type":"","overlay-color":"","overlay-opacity":"","overlay-gradient":""}}},"product_brand":[],"product_cat":[40,33],"product_tag":[],"class_list":{"0":"post-744","1":"product","2":"type-product","3":"status-publish","4":"has-post-thumbnail","6":"product_cat-ovos-dreams","7":"product_cat-pascoa-2026","8":"desktop-align-left","9":"tablet-align-left","10":"mobile-align-left","12":"first","13":"outofstock","14":"sale","15":"taxable","16":"shipping-taxable","17":"purchasable","18":"product-type-simple"},"_links":{"self":[{"href":"https:\/\/www.cacaulargodabatalha.com.br\/loja\/wp-json\/wp\/v2\/product\/744","targetHints":{"allow":["GET"]}}],"collection":[{"href":"https:\/\/www.cacaulargodabatalha.com.br\/loja\/wp-json\/wp\/v2\/product"}],"about":[{"href":"https:\/\/www.cacaulargodabatalha.com.br\/loja\/wp-json\/wp\/v2\/types\/product"}],"wp:featuredmedia":[{"embeddable":true,"href":"https:\/\/www.cacaulargodabatalha.com.br\/loja\/wp-json\/wp\/v2\/media\/788"}],"wp:attachment":[{"href":"https:\/\/www.cacaulargodabatalha.com.br\/loja\/wp-json\/wp\/v2\/media?parent=744"}],"wp:term":[{"taxonomy":"product_brand","embeddable":true,"href":"https:\/\/www.cacaulargodabatalha.com.br\/loja\/wp-json\/wp\/v2\/product_brand?post=744"},{"taxonomy":"product_cat","embeddable":true,"href":"https:\/\/www.cacaulargodabatalha.com.br\/loja\/wp-json\/wp\/v2\/product_cat?post=744"},{"taxonomy":"product_tag","embeddable":true,"href":"https:\/\/www.cacaulargodabatalha.com.br\/loja\/wp-json\/wp\/v2\/product_tag?post=744"}],"curies":[{"name":"wp","href":"https:\/\/api.w.org\/{rel}","templated":true}]}}