{"id":729,"date":"2026-01-23T12:23:58","date_gmt":"2026-01-23T15:23:58","guid":{"rendered":"https:\/\/www.cacaulargodabatalha.com.br\/loja\/?post_type=product&#038;p=729"},"modified":"2026-03-30T21:24:57","modified_gmt":"2026-03-31T00:24:57","slug":"ovo-recheado-do-chef-gold-speculoos-600g","status":"publish","type":"product","link":"https:\/\/www.cacaulargodabatalha.com.br\/loja\/produto\/ovo-recheado-do-chef-gold-speculoos-600g\/","title":{"rendered":"Ovo Recheado do Chef Gold Speculoos 600g"},"content":{"rendered":"<p><strong>Conhe\u00e7a o Ovo de P\u00e1scoa Recheado do Chef Gold Speculoos 600g da Cacau Show\u00a0<\/strong><br \/>\nO\u00a0<strong>Ovo Recheado do Chef Gold Speculoos\u00a0<\/strong>\u00e9 perfeito para quem busca uma experi\u00eancia rica em sabor e textura. Com casca elaborada em\u00a0<strong>chocolate branco caramelizado e chocolate ao leite<\/strong>, ele combina o doce equilibrado desses chocolates com a croc\u00e2ncia do biscoito speculoos. Para completar, traz um<strong>\u00a0recheio cremoso de doce de leite com especiarias<\/strong>, uma uni\u00e3o acolhedora, arom\u00e1tica e surpreendente.<br \/>\n<strong>Sabor inigual\u00e1vel<\/strong><br \/>\nAs notas de\u00a0<strong>caramelo do chocolate branco caramelizado<\/strong>\u00a0se misturam ao chocolate ao leite, enquanto o biscoito acrescenta textura crocante. O\u00a0<strong>recheio de doce de leite com especiarias\u00a0<\/strong>entrega cremosidade e um toque perfumado que transforma cada peda\u00e7o em uma experi\u00eancia envolvente.<br \/>\n<strong>Detalhes\u00a0<\/strong><br \/>\n\u2022\u00a0Casca de\u00a0<strong>chocolate branco caramelizado e chocolate ao leite<\/strong>.<br \/>\n\u2022\u00a0Recheio de doce de leite com especiarias.<br \/>\n\u2022\u00a0Biscoito speculoos que adiciona croc\u00e2ncia e sabor marcante.<br \/>\n<strong>Por que escolher o Ovo Recheado do Chef Gold Speculoos 600g?<\/strong><br \/>\n\u00c9 a escolha certa para quem aprecia sabores refinados, com camadas de textura e aromas. Uma combina\u00e7\u00e3o especial que entrega intensidade, cremosidade e um toque gourmet \u00fanico.<\/p>\n","protected":false},"excerpt":{"rendered":"<p><strong>Ovo de chocolate branco caramelizado e ao leite com biscoito speculoos e recheio de doce de leite com especiarias<\/strong>. Uma combina\u00e7\u00e3o rica!<\/p>\n","protected":false},"featured_media":730,"template":"","meta":{"site-sidebar-layout":"default","site-content-layout":"","ast-site-content-layout":"default","site-content-style":"default","site-sidebar-style":"default","ast-global-header-display":"","ast-banner-title-visibility":"","ast-main-header-display":"","ast-hfb-above-header-display":"","ast-hfb-below-header-display":"","ast-hfb-mobile-header-display":"","site-post-title":"","ast-breadcrumbs-content":"","ast-featured-img":"","footer-sml-layout":"","theme-transparent-header-meta":"default","adv-header-id-meta":"","stick-header-meta":"","header-above-stick-meta":"","header-main-stick-meta":"","header-below-stick-meta":"","astra-migrate-meta-layouts":"set","ast-page-background-enabled":"default","ast-page-background-meta":{"desktop":{"background-color":"","background-image":"","background-repeat":"repeat","background-position":"center center","background-size":"auto","background-attachment":"scroll","background-type":"","background-media":"","overlay-type":"","overlay-color":"","overlay-opacity":"","overlay-gradient":""},"tablet":{"background-color":"","background-image":"","background-repeat":"repeat","background-position":"center center","background-size":"auto","background-attachment":"scroll","background-type":"","background-media":"","overlay-type":"","overlay-color":"","overlay-opacity":"","overlay-gradient":""},"mobile":{"background-color":"","background-image":"","background-repeat":"repeat","background-position":"center center","background-size":"auto","background-attachment":"scroll","background-type":"","background-media":"","overlay-type":"","overlay-color":"","overlay-opacity":"","overlay-gradient":""}},"ast-content-background-meta":{"desktop":{"background-color":"var(--ast-global-color-5)","background-image":"","background-repeat":"repeat","background-position":"center center","background-size":"auto","background-attachment":"scroll","background-type":"","background-media":"","overlay-type":"","overlay-color":"","overlay-opacity":"","overlay-gradient":""},"tablet":{"background-color":"var(--ast-global-color-5)","background-image":"","background-repeat":"repeat","background-position":"center center","background-size":"auto","background-attachment":"scroll","background-type":"","background-media":"","overlay-type":"","overlay-color":"","overlay-opacity":"","overlay-gradient":""},"mobile":{"background-color":"var(--ast-global-color-5)","background-image":"","background-repeat":"repeat","background-position":"center center","background-size":"auto","background-attachment":"scroll","background-type":"","background-media":"","overlay-type":"","overlay-color":"","overlay-opacity":"","overlay-gradient":""}}},"product_brand":[],"product_cat":[33],"product_tag":[],"class_list":{"0":"post-729","1":"product","2":"type-product","3":"status-publish","4":"has-post-thumbnail","6":"product_cat-pascoa-2026","7":"desktop-align-left","8":"tablet-align-left","9":"mobile-align-left","11":"first","12":"outofstock","13":"sale","14":"taxable","15":"shipping-taxable","16":"purchasable","17":"product-type-simple"},"_links":{"self":[{"href":"https:\/\/www.cacaulargodabatalha.com.br\/loja\/wp-json\/wp\/v2\/product\/729","targetHints":{"allow":["GET"]}}],"collection":[{"href":"https:\/\/www.cacaulargodabatalha.com.br\/loja\/wp-json\/wp\/v2\/product"}],"about":[{"href":"https:\/\/www.cacaulargodabatalha.com.br\/loja\/wp-json\/wp\/v2\/types\/product"}],"wp:featuredmedia":[{"embeddable":true,"href":"https:\/\/www.cacaulargodabatalha.com.br\/loja\/wp-json\/wp\/v2\/media\/730"}],"wp:attachment":[{"href":"https:\/\/www.cacaulargodabatalha.com.br\/loja\/wp-json\/wp\/v2\/media?parent=729"}],"wp:term":[{"taxonomy":"product_brand","embeddable":true,"href":"https:\/\/www.cacaulargodabatalha.com.br\/loja\/wp-json\/wp\/v2\/product_brand?post=729"},{"taxonomy":"product_cat","embeddable":true,"href":"https:\/\/www.cacaulargodabatalha.com.br\/loja\/wp-json\/wp\/v2\/product_cat?post=729"},{"taxonomy":"product_tag","embeddable":true,"href":"https:\/\/www.cacaulargodabatalha.com.br\/loja\/wp-json\/wp\/v2\/product_tag?post=729"}],"curies":[{"name":"wp","href":"https:\/\/api.w.org\/{rel}","templated":true}]}}