{"id":725,"date":"2026-01-23T12:20:43","date_gmt":"2026-01-23T15:20:43","guid":{"rendered":"https:\/\/www.cacaulargodabatalha.com.br\/loja\/?post_type=product&#038;p=725"},"modified":"2026-04-02T21:01:14","modified_gmt":"2026-04-03T00:01:14","slug":"caixa-de-bombons-cubo-cacau-magia-brigadeiro-130g","status":"publish","type":"product","link":"https:\/\/www.cacaulargodabatalha.com.br\/loja\/produto\/caixa-de-bombons-cubo-cacau-magia-brigadeiro-130g\/","title":{"rendered":"Caixa de Bombons Cubo Cacau Magia Brigadeiro 130g"},"content":{"rendered":"<p><strong>Conhe\u00e7a a Caixa de Bombons Cubo Cacau Magia Brigadeiro 130g da Cacau Show<\/strong><br \/>\nA\u00a0<strong>Caixa de Bombons Cubo Cacau Magia Brigadeiro<\/strong>\u00a0\u00e9 a uni\u00e3o perfeita entre a magia da\u00a0<strong>P\u00e1scoa\u00a0<\/strong>e o sabor irresist\u00edvel do brigadeiro. Produzidos com o chocolate ao leite cremoso, os bombons trazem um recheio sabor brigadeiro que envolve, conquista e traz aquele gostinho cl\u00e1ssico da \u00e9poca.<br \/>\n<strong>Sabor inigual\u00e1vel\u00a0<\/strong><br \/>\nA casquinha de\u00a0<strong>chocolate ao leite derrete na boca<\/strong>, revelando um\u00a0<strong>recheio suave<\/strong>, doce na medida certa e textura agrad\u00e1vel ao paladar. Cada\u00a0<strong>bombom<\/strong>\u00a0\u00e9 pensado para proporcionar um momento de prazer, seja para presentear ou para tornar o dia mais doce.<br \/>\n<strong>Detalhes\u00a0<\/strong><br \/>\n\u2022\u00a0Bombons ao leite com\u00a0<strong>recheio sabor brigadeiro<\/strong>.<br \/>\n\u2022\u00a0Embalagem no formato cubo, ideal para presentear.<br \/>\n\u2022\u00a0Sabor marcante e textura cremosa.<br \/>\n<strong>Por que escolher a Caixa de Bombons Cubo Cacau Magia Brigadeiro 130g?<\/strong><br \/>\n\u00c9 perfeita para quem ama o\u00a0<strong>sabor cl\u00e1ssico do brigadeiro com a cremosidade do chocolate ao leite<\/strong>. A embalagem tem\u00e1tica deixa o presente ainda mais especial, garantindo um toque de magia e do\u00e7ura nesta P\u00e1scoa.<\/p>\n","protected":false},"excerpt":{"rendered":"<p><strong>Bombons de chocolate ao leite com recheio sabor brigadeiro<\/strong>. Cremosos, saborosos e perfeitos para presentear na\u00a0<strong>P\u00e1scoa<\/strong>.<\/p>\n","protected":false},"featured_media":726,"template":"","meta":{"site-sidebar-layout":"default","site-content-layout":"","ast-site-content-layout":"default","site-content-style":"default","site-sidebar-style":"default","ast-global-header-display":"","ast-banner-title-visibility":"","ast-main-header-display":"","ast-hfb-above-header-display":"","ast-hfb-below-header-display":"","ast-hfb-mobile-header-display":"","site-post-title":"","ast-breadcrumbs-content":"","ast-featured-img":"","footer-sml-layout":"","theme-transparent-header-meta":"default","adv-header-id-meta":"","stick-header-meta":"","header-above-stick-meta":"","header-main-stick-meta":"","header-below-stick-meta":"","astra-migrate-meta-layouts":"set","ast-page-background-enabled":"default","ast-page-background-meta":{"desktop":{"background-color":"","background-image":"","background-repeat":"repeat","background-position":"center center","background-size":"auto","background-attachment":"scroll","background-type":"","background-media":"","overlay-type":"","overlay-color":"","overlay-opacity":"","overlay-gradient":""},"tablet":{"background-color":"","background-image":"","background-repeat":"repeat","background-position":"center center","background-size":"auto","background-attachment":"scroll","background-type":"","background-media":"","overlay-type":"","overlay-color":"","overlay-opacity":"","overlay-gradient":""},"mobile":{"background-color":"","background-image":"","background-repeat":"repeat","background-position":"center center","background-size":"auto","background-attachment":"scroll","background-type":"","background-media":"","overlay-type":"","overlay-color":"","overlay-opacity":"","overlay-gradient":""}},"ast-content-background-meta":{"desktop":{"background-color":"var(--ast-global-color-5)","background-image":"","background-repeat":"repeat","background-position":"center center","background-size":"auto","background-attachment":"scroll","background-type":"","background-media":"","overlay-type":"","overlay-color":"","overlay-opacity":"","overlay-gradient":""},"tablet":{"background-color":"var(--ast-global-color-5)","background-image":"","background-repeat":"repeat","background-position":"center center","background-size":"auto","background-attachment":"scroll","background-type":"","background-media":"","overlay-type":"","overlay-color":"","overlay-opacity":"","overlay-gradient":""},"mobile":{"background-color":"var(--ast-global-color-5)","background-image":"","background-repeat":"repeat","background-position":"center center","background-size":"auto","background-attachment":"scroll","background-type":"","background-media":"","overlay-type":"","overlay-color":"","overlay-opacity":"","overlay-gradient":""}}},"product_brand":[],"product_cat":[33],"product_tag":[],"class_list":{"0":"post-725","1":"product","2":"type-product","3":"status-publish","4":"has-post-thumbnail","6":"product_cat-pascoa-2026","7":"desktop-align-left","8":"tablet-align-left","9":"mobile-align-left","11":"first","12":"outofstock","13":"sale","14":"taxable","15":"shipping-taxable","16":"purchasable","17":"product-type-simple"},"_links":{"self":[{"href":"https:\/\/www.cacaulargodabatalha.com.br\/loja\/wp-json\/wp\/v2\/product\/725","targetHints":{"allow":["GET"]}}],"collection":[{"href":"https:\/\/www.cacaulargodabatalha.com.br\/loja\/wp-json\/wp\/v2\/product"}],"about":[{"href":"https:\/\/www.cacaulargodabatalha.com.br\/loja\/wp-json\/wp\/v2\/types\/product"}],"wp:featuredmedia":[{"embeddable":true,"href":"https:\/\/www.cacaulargodabatalha.com.br\/loja\/wp-json\/wp\/v2\/media\/726"}],"wp:attachment":[{"href":"https:\/\/www.cacaulargodabatalha.com.br\/loja\/wp-json\/wp\/v2\/media?parent=725"}],"wp:term":[{"taxonomy":"product_brand","embeddable":true,"href":"https:\/\/www.cacaulargodabatalha.com.br\/loja\/wp-json\/wp\/v2\/product_brand?post=725"},{"taxonomy":"product_cat","embeddable":true,"href":"https:\/\/www.cacaulargodabatalha.com.br\/loja\/wp-json\/wp\/v2\/product_cat?post=725"},{"taxonomy":"product_tag","embeddable":true,"href":"https:\/\/www.cacaulargodabatalha.com.br\/loja\/wp-json\/wp\/v2\/product_tag?post=725"}],"curies":[{"name":"wp","href":"https:\/\/api.w.org\/{rel}","templated":true}]}}