{"id":723,"date":"2026-01-23T12:19:02","date_gmt":"2026-01-23T15:19:02","guid":{"rendered":"https:\/\/www.cacaulargodabatalha.com.br\/loja\/?post_type=product&#038;p=723"},"modified":"2026-04-02T21:04:08","modified_gmt":"2026-04-03T00:04:08","slug":"ovo-de-pascoa-lacreme-pistache-348g","status":"publish","type":"product","link":"https:\/\/www.cacaulargodabatalha.com.br\/loja\/produto\/ovo-de-pascoa-lacreme-pistache-348g\/","title":{"rendered":"Ovo de P\u00e1scoa laCreme Pistache 348g"},"content":{"rendered":"<p><strong>Conhe\u00e7a o Ovo de P\u00e1scoa laCreme Pistache 348g da Cacau Show<\/strong><br \/>\nO\u00a0<strong>Ovo de P\u00e1scoa laCreme Pistache<\/strong>\u00a0\u00e9 a escolha ideal para quem busca uma experi\u00eancia saborosa e sofisticada. Produzido com o irresist\u00edvel\u00a0<strong>chocolate branco laCreme<\/strong>\u00a0combinado \u00e0 cremosa pasta de pistache, ele entrega textura suave, sabor marcante e um toque especial que conquista imediatamente. Para completar, o ovo acompanha\u00a0<strong>bombons de chocolate branco com pasta de pistache<\/strong>, deixando a degusta\u00e7\u00e3o ainda mais completa e deliciosa.<br \/>\n<strong>Sabor inigual\u00e1vel\u00a0<\/strong><br \/>\nA uni\u00e3o do\u00a0<strong>chocolate branco laCreme com a pasta de pistache<\/strong>\u00a0proporciona um equil\u00edbrio perfeito entre do\u00e7ura, cremosidade e sabor do\u00a0<strong>pistache<\/strong>, tornando cada mordida uma experi\u00eancia rica e envolvente.<br \/>\n<strong>Detalhes\u00a0<\/strong><br \/>\n\u2022\u00a0<strong>Ovo de chocolate branco com pasta de pistache<\/strong>.<br \/>\n\u2022\u00a0Acompanha\u00a0<strong>bombons de chocolate branco com pasta de pistache<\/strong>.<br \/>\n\u2022\u00a0Embalagem elegante, ideal para presentear com sofistica\u00e7\u00e3o.<br \/>\n<strong>Por que escolher o Ovo de P\u00e1scoa laCreme Pistache 348g?<\/strong><br \/>\n\u00c9 a op\u00e7\u00e3o perfeita para quem ama sabores refinados e deseja uma\u00a0<strong>P\u00e1scoa\u00a0<\/strong>com um toque\u00a0<strong>gourmet<\/strong>. O\u00a0<strong>pistache<\/strong>\u00a0traz diferencial e personalidade ao produto, enquanto o\u00a0<strong>chocolate branco laCreme<\/strong>\u00a0garante leveza e cremosidade irresist\u00edveis.<\/p>\n","protected":false},"excerpt":{"rendered":"<div class=\"it_product-detail__shortDescription-text\">\n<p>Desfrute do<strong>\u00a0chocolate branco laCreme<\/strong>\u00a0combinado \u00e0<strong>\u00a0pasta de pistache,<\/strong>\u00a0acompanhado de<strong>\u00a0bombons cremosos de pistache.<\/strong>\u00a0Uma\u00a0<strong>P\u00e1scoa\u00a0<\/strong>mais saborosa!<\/p>\n<\/div>\n","protected":false},"featured_media":724,"template":"","meta":{"site-sidebar-layout":"default","site-content-layout":"","ast-site-content-layout":"default","site-content-style":"default","site-sidebar-style":"default","ast-global-header-display":"","ast-banner-title-visibility":"","ast-main-header-display":"","ast-hfb-above-header-display":"","ast-hfb-below-header-display":"","ast-hfb-mobile-header-display":"","site-post-title":"","ast-breadcrumbs-content":"","ast-featured-img":"","footer-sml-layout":"","theme-transparent-header-meta":"default","adv-header-id-meta":"","stick-header-meta":"","header-above-stick-meta":"","header-main-stick-meta":"","header-below-stick-meta":"","astra-migrate-meta-layouts":"set","ast-page-background-enabled":"default","ast-page-background-meta":{"desktop":{"background-color":"","background-image":"","background-repeat":"repeat","background-position":"center center","background-size":"auto","background-attachment":"scroll","background-type":"","background-media":"","overlay-type":"","overlay-color":"","overlay-opacity":"","overlay-gradient":""},"tablet":{"background-color":"","background-image":"","background-repeat":"repeat","background-position":"center center","background-size":"auto","background-attachment":"scroll","background-type":"","background-media":"","overlay-type":"","overlay-color":"","overlay-opacity":"","overlay-gradient":""},"mobile":{"background-color":"","background-image":"","background-repeat":"repeat","background-position":"center center","background-size":"auto","background-attachment":"scroll","background-type":"","background-media":"","overlay-type":"","overlay-color":"","overlay-opacity":"","overlay-gradient":""}},"ast-content-background-meta":{"desktop":{"background-color":"var(--ast-global-color-5)","background-image":"","background-repeat":"repeat","background-position":"center center","background-size":"auto","background-attachment":"scroll","background-type":"","background-media":"","overlay-type":"","overlay-color":"","overlay-opacity":"","overlay-gradient":""},"tablet":{"background-color":"var(--ast-global-color-5)","background-image":"","background-repeat":"repeat","background-position":"center center","background-size":"auto","background-attachment":"scroll","background-type":"","background-media":"","overlay-type":"","overlay-color":"","overlay-opacity":"","overlay-gradient":""},"mobile":{"background-color":"var(--ast-global-color-5)","background-image":"","background-repeat":"repeat","background-position":"center center","background-size":"auto","background-attachment":"scroll","background-type":"","background-media":"","overlay-type":"","overlay-color":"","overlay-opacity":"","overlay-gradient":""}}},"product_brand":[],"product_cat":[39,33],"product_tag":[],"class_list":{"0":"post-723","1":"product","2":"type-product","3":"status-publish","4":"has-post-thumbnail","6":"product_cat-ovos-100","7":"product_cat-pascoa-2026","8":"desktop-align-left","9":"tablet-align-left","10":"mobile-align-left","12":"first","13":"outofstock","14":"sale","15":"taxable","16":"shipping-taxable","17":"purchasable","18":"product-type-simple"},"_links":{"self":[{"href":"https:\/\/www.cacaulargodabatalha.com.br\/loja\/wp-json\/wp\/v2\/product\/723","targetHints":{"allow":["GET"]}}],"collection":[{"href":"https:\/\/www.cacaulargodabatalha.com.br\/loja\/wp-json\/wp\/v2\/product"}],"about":[{"href":"https:\/\/www.cacaulargodabatalha.com.br\/loja\/wp-json\/wp\/v2\/types\/product"}],"wp:featuredmedia":[{"embeddable":true,"href":"https:\/\/www.cacaulargodabatalha.com.br\/loja\/wp-json\/wp\/v2\/media\/724"}],"wp:attachment":[{"href":"https:\/\/www.cacaulargodabatalha.com.br\/loja\/wp-json\/wp\/v2\/media?parent=723"}],"wp:term":[{"taxonomy":"product_brand","embeddable":true,"href":"https:\/\/www.cacaulargodabatalha.com.br\/loja\/wp-json\/wp\/v2\/product_brand?post=723"},{"taxonomy":"product_cat","embeddable":true,"href":"https:\/\/www.cacaulargodabatalha.com.br\/loja\/wp-json\/wp\/v2\/product_cat?post=723"},{"taxonomy":"product_tag","embeddable":true,"href":"https:\/\/www.cacaulargodabatalha.com.br\/loja\/wp-json\/wp\/v2\/product_tag?post=723"}],"curies":[{"name":"wp","href":"https:\/\/api.w.org\/{rel}","templated":true}]}}