{"id":696,"date":"2026-01-23T11:46:04","date_gmt":"2026-01-23T14:46:04","guid":{"rendered":"https:\/\/www.cacaulargodabatalha.com.br\/loja\/?post_type=product&#038;p=696"},"modified":"2026-03-17T23:05:11","modified_gmt":"2026-03-18T02:05:11","slug":"ovo-de-pascoa-ao-leite-pelucia-zangadinho-com-led-ursinhos-carinhosos-170g","status":"publish","type":"product","link":"https:\/\/www.cacaulargodabatalha.com.br\/loja\/produto\/ovo-de-pascoa-ao-leite-pelucia-zangadinho-com-led-ursinhos-carinhosos-170g\/","title":{"rendered":"Ovo de P\u00e1scoa ao Leite Pel\u00facia Zangadinho com LED Ursinhos Carinhosos 170g"},"content":{"rendered":"<p><strong>Experimente o Ovo de P\u00e1scoa ao Leite Pel\u00facia Zangadinho com LED Ursinhos Carinhosos 170g da Cacau Show<\/strong><\/p>\n<p><strong>O Ovo de P\u00e1scoa ao Leite Pel\u00facia Zangadinho com LED Ursinhos Carinhosos\u00a0<\/strong>\u00e9 a escolha perfeita para quem quer uma\u00a0<strong>P\u00e1scoa cheia de fofura<\/strong>,\u00a0<strong>brilho\u00a0<\/strong>e\u00a0<strong>muito sabor<\/strong>! Feito com o irresist\u00edvel\u00a0<strong>chocolate ao leite\u00a0<\/strong>e\u00a0<strong>acompanhado de drageados crocantes ao leite<\/strong>, este ovo vem tamb\u00e9m com\u00a0<strong>uma pel\u00facia especial do Ursinho Zangadinho<\/strong>, dos\u00a0<strong>Ursinhos Carinhosos<\/strong>, agora com<strong>\u00a0luz de LED<\/strong>, deixando o presente ainda mais encantador.<\/p>\n<p><strong>Sabor inigual\u00e1vel<\/strong><br \/>\nA combina\u00e7\u00e3o do\u00a0<strong>ovo de chocolate ao leite<\/strong>\u00a0acompanhado de\u00a0<strong>drageados crocantes<\/strong>\u00a0oferece uma experi\u00eancia deliciosa, unindo\u00a0<strong>cremosidade\u00a0<\/strong>e\u00a0<strong>textura\u00a0<\/strong>em cada peda\u00e7o.<\/p>\n<p><strong>Detalhes<\/strong><br \/>\n\u2022\u00a0Ovo de chocolate ao leite acompanhado de drageados crocantes ao leite.<br \/>\n\u2022\u00a0Acompanha pel\u00facia do Zangadinho com luz de LED.<br \/>\n\u2022\u00a0Embalagem encantadora, perfeita para presentear.<br \/>\n\u2022\u00a0<strong>Medidas do Brinde<\/strong>: Comprimento 10 cm | Largura 10 cm | Altura 21 cm.<\/p>\n<p><strong>Por que escolher o Ovo de P\u00e1scoa ao Leite Pel\u00facia Zangadinho com LED Ursinhos Carinhosos 170g?<\/strong><br \/>\nIdeal\u00a0<strong>para quem ama presentes fofos<\/strong>\u00a0e especiais! A\u00a0<strong>pel\u00facia com LED<\/strong>\u00a0encanta crian\u00e7as e f\u00e3s dos\u00a0<strong>Ursinhos Carinhosos,<\/strong>\u00a0enquanto o\u00a0<strong>chocolate ao leite<\/strong>\u00a0garante uma\u00a0<strong>P\u00e1scoa\u00a0<\/strong>ainda mais\u00a0<strong>doce e deliciosa<\/strong>.<\/p>\n","protected":false},"excerpt":{"rendered":"<p><strong>Celebre a P\u00e1scoa<\/strong>\u00a0com o delicioso<strong>\u00a0chocolate ao leite da Cacau Show<\/strong>, drageados crocantes e uma\u00a0<strong>pel\u00facia iluminada do Zangadinho<\/strong>, dos\u00a0<strong>Ursinhos Carinhosos<\/strong>.<\/p>\n","protected":false},"featured_media":697,"template":"","meta":{"site-sidebar-layout":"default","site-content-layout":"","ast-site-content-layout":"default","site-content-style":"default","site-sidebar-style":"default","ast-global-header-display":"","ast-banner-title-visibility":"","ast-main-header-display":"","ast-hfb-above-header-display":"","ast-hfb-below-header-display":"","ast-hfb-mobile-header-display":"","site-post-title":"","ast-breadcrumbs-content":"","ast-featured-img":"","footer-sml-layout":"","theme-transparent-header-meta":"default","adv-header-id-meta":"","stick-header-meta":"","header-above-stick-meta":"","header-main-stick-meta":"","header-below-stick-meta":"","astra-migrate-meta-layouts":"set","ast-page-background-enabled":"default","ast-page-background-meta":{"desktop":{"background-color":"","background-image":"","background-repeat":"repeat","background-position":"center center","background-size":"auto","background-attachment":"scroll","background-type":"","background-media":"","overlay-type":"","overlay-color":"","overlay-opacity":"","overlay-gradient":""},"tablet":{"background-color":"","background-image":"","background-repeat":"repeat","background-position":"center center","background-size":"auto","background-attachment":"scroll","background-type":"","background-media":"","overlay-type":"","overlay-color":"","overlay-opacity":"","overlay-gradient":""},"mobile":{"background-color":"","background-image":"","background-repeat":"repeat","background-position":"center center","background-size":"auto","background-attachment":"scroll","background-type":"","background-media":"","overlay-type":"","overlay-color":"","overlay-opacity":"","overlay-gradient":""}},"ast-content-background-meta":{"desktop":{"background-color":"var(--ast-global-color-5)","background-image":"","background-repeat":"repeat","background-position":"center center","background-size":"auto","background-attachment":"scroll","background-type":"","background-media":"","overlay-type":"","overlay-color":"","overlay-opacity":"","overlay-gradient":""},"tablet":{"background-color":"var(--ast-global-color-5)","background-image":"","background-repeat":"repeat","background-position":"center center","background-size":"auto","background-attachment":"scroll","background-type":"","background-media":"","overlay-type":"","overlay-color":"","overlay-opacity":"","overlay-gradient":""},"mobile":{"background-color":"var(--ast-global-color-5)","background-image":"","background-repeat":"repeat","background-position":"center center","background-size":"auto","background-attachment":"scroll","background-type":"","background-media":"","overlay-type":"","overlay-color":"","overlay-opacity":"","overlay-gradient":""}}},"product_brand":[],"product_cat":[29,33],"product_tag":[],"class_list":{"0":"post-696","1":"product","2":"type-product","3":"status-publish","4":"has-post-thumbnail","6":"product_cat-exclusivos","7":"product_cat-pascoa-2026","8":"desktop-align-left","9":"tablet-align-left","10":"mobile-align-left","12":"first","13":"outofstock","14":"sale","15":"taxable","16":"shipping-taxable","17":"purchasable","18":"product-type-simple"},"_links":{"self":[{"href":"https:\/\/www.cacaulargodabatalha.com.br\/loja\/wp-json\/wp\/v2\/product\/696","targetHints":{"allow":["GET"]}}],"collection":[{"href":"https:\/\/www.cacaulargodabatalha.com.br\/loja\/wp-json\/wp\/v2\/product"}],"about":[{"href":"https:\/\/www.cacaulargodabatalha.com.br\/loja\/wp-json\/wp\/v2\/types\/product"}],"wp:featuredmedia":[{"embeddable":true,"href":"https:\/\/www.cacaulargodabatalha.com.br\/loja\/wp-json\/wp\/v2\/media\/697"}],"wp:attachment":[{"href":"https:\/\/www.cacaulargodabatalha.com.br\/loja\/wp-json\/wp\/v2\/media?parent=696"}],"wp:term":[{"taxonomy":"product_brand","embeddable":true,"href":"https:\/\/www.cacaulargodabatalha.com.br\/loja\/wp-json\/wp\/v2\/product_brand?post=696"},{"taxonomy":"product_cat","embeddable":true,"href":"https:\/\/www.cacaulargodabatalha.com.br\/loja\/wp-json\/wp\/v2\/product_cat?post=696"},{"taxonomy":"product_tag","embeddable":true,"href":"https:\/\/www.cacaulargodabatalha.com.br\/loja\/wp-json\/wp\/v2\/product_tag?post=696"}],"curies":[{"name":"wp","href":"https:\/\/api.w.org\/{rel}","templated":true}]}}