{"id":350,"date":"2025-11-23T22:44:55","date_gmt":"2025-11-24T01:44:55","guid":{"rendered":"https:\/\/www.cacaulargodabatalha.com.br\/loja\/?post_type=product&#038;p=350"},"modified":"2026-02-06T18:31:44","modified_gmt":"2026-02-06T21:31:44","slug":"caixa-surpresa-bob-esponja-47g","status":"publish","type":"product","link":"https:\/\/www.cacaulargodabatalha.com.br\/loja\/produto\/caixa-surpresa-bob-esponja-47g\/","title":{"rendered":"Caixa Surpresa Bob Esponja 47g"},"content":{"rendered":"<p><strong>Conhe\u00e7a a Caixa Surpresa Bob Esponja 47g da Cacau Show<\/strong><br \/>\nMergulhe em um mar de sabor e divers\u00e3o com a\u00a0<strong>Caixa Surpresa Bob Esponja da Cacau Show<\/strong>! Dentro da deliciosa esfera de chocolate ao leite, voc\u00ea encontra uma surpresa incr\u00edvel: um protetor de cabo inspirado no\u00a0<strong>Bob Esponja\u00a0<\/strong>e seus amigos. S\u00e3o 11 modelos diferentes para colecionar e deixar seu dia ainda mais divertido.<\/p>\n<p>&nbsp;<\/p>\n<p><strong>Sabor e divers\u00e3o<\/strong><br \/>\nFeita com o irresist\u00edvel chocolate ao leite\u00a0<strong>Cacau Show<\/strong>, a\u00a0<strong>Caixa Surpresa Bob Esponja\u00a0<\/strong>une o sabor que todo mundo ama com o universo do personagem mais divertido da\u00a0<strong>Fenda do Biqu\u00edni<\/strong>. \u00c9 perfeita para presentear, colecionar ou se presentear com um toque de nostalgia e alegria.<br \/>\n<strong>Detalhes<\/strong><br \/>\n\u2022\u00a0Esfera de chocolate ao leite.<br \/>\n\u2022\u00a0Acompanha um protetor de cabo exclusivo da turma do\u00a0<strong>Bob Esponja<\/strong>.<br \/>\n\u2022\u00a0S\u00e3o 11 modelos colecion\u00e1veis.<br \/>\n\u2022\u00a0Ideal para presentear ou colecionar.<br \/>\n<strong>Por que escolher a Caixa Surpresa Bob Esponja 47g?<\/strong><br \/>\nAl\u00e9m de deliciosa, ela traz uma experi\u00eancia completa, unindo o sabor inconfund\u00edvel do chocolate\u00a0<strong>Cacau Show\u00a0<\/strong>com um protetor de cabo divertido e coleicon\u00e1vel que encanta crian\u00e7as e adultos. \u00c9 o presente ideal para quem ama chocolate e n\u00e3o abre m\u00e3o de um toque de divers\u00e3o.<\/p>\n","protected":false},"excerpt":{"rendered":"<p>Divers\u00e3o e sabor em um s\u00f3 presente! Uma deliciosa esfera de chocolate ao leite\u00a0<strong>Cacau Show,\u00a0<\/strong>acompanhada de um protetor de cabo exclusivo do\u00a0<strong>Bob Esponja<\/strong>.<\/p>\n","protected":false},"featured_media":351,"template":"","meta":{"site-sidebar-layout":"default","site-content-layout":"","ast-site-content-layout":"default","site-content-style":"default","site-sidebar-style":"default","ast-global-header-display":"","ast-banner-title-visibility":"","ast-main-header-display":"","ast-hfb-above-header-display":"","ast-hfb-below-header-display":"","ast-hfb-mobile-header-display":"","site-post-title":"","ast-breadcrumbs-content":"","ast-featured-img":"","footer-sml-layout":"","theme-transparent-header-meta":"default","adv-header-id-meta":"","stick-header-meta":"","header-above-stick-meta":"","header-main-stick-meta":"","header-below-stick-meta":"","astra-migrate-meta-layouts":"set","ast-page-background-enabled":"default","ast-page-background-meta":{"desktop":{"background-color":"","background-image":"","background-repeat":"repeat","background-position":"center center","background-size":"auto","background-attachment":"scroll","background-type":"","background-media":"","overlay-type":"","overlay-color":"","overlay-opacity":"","overlay-gradient":""},"tablet":{"background-color":"","background-image":"","background-repeat":"repeat","background-position":"center center","background-size":"auto","background-attachment":"scroll","background-type":"","background-media":"","overlay-type":"","overlay-color":"","overlay-opacity":"","overlay-gradient":""},"mobile":{"background-color":"","background-image":"","background-repeat":"repeat","background-position":"center center","background-size":"auto","background-attachment":"scroll","background-type":"","background-media":"","overlay-type":"","overlay-color":"","overlay-opacity":"","overlay-gradient":""}},"ast-content-background-meta":{"desktop":{"background-color":"var(--ast-global-color-5)","background-image":"","background-repeat":"repeat","background-position":"center center","background-size":"auto","background-attachment":"scroll","background-type":"","background-media":"","overlay-type":"","overlay-color":"","overlay-opacity":"","overlay-gradient":""},"tablet":{"background-color":"var(--ast-global-color-5)","background-image":"","background-repeat":"repeat","background-position":"center center","background-size":"auto","background-attachment":"scroll","background-type":"","background-media":"","overlay-type":"","overlay-color":"","overlay-opacity":"","overlay-gradient":""},"mobile":{"background-color":"var(--ast-global-color-5)","background-image":"","background-repeat":"repeat","background-position":"center center","background-size":"auto","background-attachment":"scroll","background-type":"","background-media":"","overlay-type":"","overlay-color":"","overlay-opacity":"","overlay-gradient":""}}},"product_brand":[],"product_cat":[29],"product_tag":[],"class_list":{"0":"post-350","1":"product","2":"type-product","3":"status-publish","4":"has-post-thumbnail","6":"product_cat-exclusivos","7":"desktop-align-left","8":"tablet-align-left","9":"mobile-align-left","11":"first","12":"outofstock","13":"sale","14":"taxable","15":"shipping-taxable","16":"purchasable","17":"product-type-simple"},"_links":{"self":[{"href":"https:\/\/www.cacaulargodabatalha.com.br\/loja\/wp-json\/wp\/v2\/product\/350","targetHints":{"allow":["GET"]}}],"collection":[{"href":"https:\/\/www.cacaulargodabatalha.com.br\/loja\/wp-json\/wp\/v2\/product"}],"about":[{"href":"https:\/\/www.cacaulargodabatalha.com.br\/loja\/wp-json\/wp\/v2\/types\/product"}],"wp:featuredmedia":[{"embeddable":true,"href":"https:\/\/www.cacaulargodabatalha.com.br\/loja\/wp-json\/wp\/v2\/media\/351"}],"wp:attachment":[{"href":"https:\/\/www.cacaulargodabatalha.com.br\/loja\/wp-json\/wp\/v2\/media?parent=350"}],"wp:term":[{"taxonomy":"product_brand","embeddable":true,"href":"https:\/\/www.cacaulargodabatalha.com.br\/loja\/wp-json\/wp\/v2\/product_brand?post=350"},{"taxonomy":"product_cat","embeddable":true,"href":"https:\/\/www.cacaulargodabatalha.com.br\/loja\/wp-json\/wp\/v2\/product_cat?post=350"},{"taxonomy":"product_tag","embeddable":true,"href":"https:\/\/www.cacaulargodabatalha.com.br\/loja\/wp-json\/wp\/v2\/product_tag?post=350"}],"curies":[{"name":"wp","href":"https:\/\/api.w.org\/{rel}","templated":true}]}}