{"id":338,"date":"2025-11-23T21:40:05","date_gmt":"2025-11-24T00:40:05","guid":{"rendered":"https:\/\/www.cacaulargodabatalha.com.br\/loja\/?post_type=product&#038;p=338"},"modified":"2026-02-26T13:17:22","modified_gmt":"2026-02-26T16:17:22","slug":"copo-chocomonstros-claudete-760ml","status":"publish","type":"product","link":"https:\/\/www.cacaulargodabatalha.com.br\/loja\/produto\/copo-chocomonstros-claudete-760ml\/","title":{"rendered":"Copo Chocomonstros Claudete 760ml"},"content":{"rendered":"<p><strong>Conhe\u00e7a o Copo Chocomonstros Claudete 760ml da Cacau Show\u00a0<\/strong><br \/>\nO\u00a0<strong>Copo Chocomonstros Claudete\u00a0<\/strong>vai conquistar cora\u00e7\u00f5es com seu charme \u00fanico! Parte de uma cole\u00e7\u00e3o exclusiva com quatro modelos divertidos dos mais fofos mostrinhos da\u00a0<strong>Cacau Show<\/strong>! Este copo \u00e9 inspirado na carism\u00e1tica\u00a0<strong>Claudete<\/strong>, que encanta com seu jeito meigo e cheio de personalidade. Feito com pl\u00e1stico resistente, \u00e9 perfeito para acompanhar sua bebida favorita e vem recheado de bombons de chocolate ao leite com recheio sabor brigadeiro, para ado\u00e7ar ainda mais o dia.<br \/>\n<strong>Sabor inigual\u00e1vel<\/strong><br \/>\nAl\u00e9m de lindo e colecion\u00e1vel, o\u00a0<strong>Copo Claudete<\/strong>\u00a0traz a del\u00edcia irresist\u00edvel dos bombons de chocolate ao leite com recheio cremoso de brigadeiro, proporcionando momentos doces.<br \/>\n<strong>Detalhes\u00a0<\/strong><br \/>\n\u2022\u00a0<strong>Medidas<\/strong>: Comprimento: 13cm | Largura: 14cm | Altura: 23,5cm.<br \/>\n\u2022 Capacidade de 760 ml.<br \/>\n\u2022 Acompanha<strong>\u00a0bombons de chocolate ao leite recheados sabor brigadeiro<\/strong>.<br \/>\n\u2022 Material: Pl\u00e1stico resistente.<br \/>\n<strong>Por que escolher o Copo Chocomonstros Claudete 760ml?\u00a0<\/strong><br \/>\nUm presente encantador, \u00fatil e saboroso! Ideal para colecionadores, f\u00e3s dos\u00a0<strong>Chocomonstros\u00a0<\/strong>e para quem adora unir fofura e chocolate em um s\u00f3 produto.<\/p>\n","protected":false},"excerpt":{"rendered":"<p><strong>Copo\u00a0<\/strong>tem\u00e1tico da divertida\u00a0<strong>Claudete<\/strong>\u00a0com 760ml e bombons de chocolate ao leite recheados sabor brigadeiro.<\/p>\n","protected":false},"featured_media":339,"template":"","meta":{"site-sidebar-layout":"default","site-content-layout":"","ast-site-content-layout":"default","site-content-style":"default","site-sidebar-style":"default","ast-global-header-display":"","ast-banner-title-visibility":"","ast-main-header-display":"","ast-hfb-above-header-display":"","ast-hfb-below-header-display":"","ast-hfb-mobile-header-display":"","site-post-title":"","ast-breadcrumbs-content":"","ast-featured-img":"","footer-sml-layout":"","theme-transparent-header-meta":"default","adv-header-id-meta":"","stick-header-meta":"","header-above-stick-meta":"","header-main-stick-meta":"","header-below-stick-meta":"","astra-migrate-meta-layouts":"set","ast-page-background-enabled":"default","ast-page-background-meta":{"desktop":{"background-color":"","background-image":"","background-repeat":"repeat","background-position":"center center","background-size":"auto","background-attachment":"scroll","background-type":"","background-media":"","overlay-type":"","overlay-color":"","overlay-opacity":"","overlay-gradient":""},"tablet":{"background-color":"","background-image":"","background-repeat":"repeat","background-position":"center center","background-size":"auto","background-attachment":"scroll","background-type":"","background-media":"","overlay-type":"","overlay-color":"","overlay-opacity":"","overlay-gradient":""},"mobile":{"background-color":"","background-image":"","background-repeat":"repeat","background-position":"center center","background-size":"auto","background-attachment":"scroll","background-type":"","background-media":"","overlay-type":"","overlay-color":"","overlay-opacity":"","overlay-gradient":""}},"ast-content-background-meta":{"desktop":{"background-color":"var(--ast-global-color-5)","background-image":"","background-repeat":"repeat","background-position":"center center","background-size":"auto","background-attachment":"scroll","background-type":"","background-media":"","overlay-type":"","overlay-color":"","overlay-opacity":"","overlay-gradient":""},"tablet":{"background-color":"var(--ast-global-color-5)","background-image":"","background-repeat":"repeat","background-position":"center center","background-size":"auto","background-attachment":"scroll","background-type":"","background-media":"","overlay-type":"","overlay-color":"","overlay-opacity":"","overlay-gradient":""},"mobile":{"background-color":"var(--ast-global-color-5)","background-image":"","background-repeat":"repeat","background-position":"center center","background-size":"auto","background-attachment":"scroll","background-type":"","background-media":"","overlay-type":"","overlay-color":"","overlay-opacity":"","overlay-gradient":""}}},"product_brand":[],"product_cat":[29],"product_tag":[],"class_list":{"0":"post-338","1":"product","2":"type-product","3":"status-publish","4":"has-post-thumbnail","6":"product_cat-exclusivos","7":"desktop-align-left","8":"tablet-align-left","9":"mobile-align-left","11":"first","12":"outofstock","13":"sale","14":"taxable","15":"shipping-taxable","16":"purchasable","17":"product-type-simple"},"_links":{"self":[{"href":"https:\/\/www.cacaulargodabatalha.com.br\/loja\/wp-json\/wp\/v2\/product\/338","targetHints":{"allow":["GET"]}}],"collection":[{"href":"https:\/\/www.cacaulargodabatalha.com.br\/loja\/wp-json\/wp\/v2\/product"}],"about":[{"href":"https:\/\/www.cacaulargodabatalha.com.br\/loja\/wp-json\/wp\/v2\/types\/product"}],"wp:featuredmedia":[{"embeddable":true,"href":"https:\/\/www.cacaulargodabatalha.com.br\/loja\/wp-json\/wp\/v2\/media\/339"}],"wp:attachment":[{"href":"https:\/\/www.cacaulargodabatalha.com.br\/loja\/wp-json\/wp\/v2\/media?parent=338"}],"wp:term":[{"taxonomy":"product_brand","embeddable":true,"href":"https:\/\/www.cacaulargodabatalha.com.br\/loja\/wp-json\/wp\/v2\/product_brand?post=338"},{"taxonomy":"product_cat","embeddable":true,"href":"https:\/\/www.cacaulargodabatalha.com.br\/loja\/wp-json\/wp\/v2\/product_cat?post=338"},{"taxonomy":"product_tag","embeddable":true,"href":"https:\/\/www.cacaulargodabatalha.com.br\/loja\/wp-json\/wp\/v2\/product_tag?post=338"}],"curies":[{"name":"wp","href":"https:\/\/api.w.org\/{rel}","templated":true}]}}