{"id":334,"date":"2025-11-23T21:38:00","date_gmt":"2025-11-24T00:38:00","guid":{"rendered":"https:\/\/www.cacaulargodabatalha.com.br\/loja\/?post_type=product&#038;p=334"},"modified":"2026-02-26T13:17:15","modified_gmt":"2026-02-26T16:17:15","slug":"copo-chocomonstros-bartolomeu-750ml","status":"publish","type":"product","link":"https:\/\/www.cacaulargodabatalha.com.br\/loja\/produto\/copo-chocomonstros-bartolomeu-750ml\/","title":{"rendered":"Copo Chocomonstros Bartolomeu 750ml"},"content":{"rendered":"<p><strong>Conhe\u00e7a o Copo Chocomonstros Bartolomeu 750ml da Cacau Show<\/strong><br \/>\nO C<strong>opo Chocomonstros Bartolomeu<\/strong>\u00a0vai alegrar sua cole\u00e7\u00e3o e o seu dia! Parte da cole\u00e7\u00e3o exclusiva com quatro\u00a0<strong>monstrinhos\u00a0<\/strong>irresist\u00edveis, este\u00a0<strong>copo\u00a0<\/strong>traz o simp\u00e1tico\u00a0<strong>Bartolomeu\u00a0<\/strong>em um design colorido e atrativo. Produzido em pl\u00e1stico resistente e de tamanho ideal, ele ainda acompanha deliciosos bombons de chocolate ao leite com recheio sabor brigadeiro.<br \/>\n<strong>Sabor inigual\u00e1vel\u00a0<\/strong><br \/>\nAl\u00e9m de ser um item colecion\u00e1vel encantador, o\u00a0<strong>Copo Bartolomeu<\/strong>\u00a0vem com bombons cremosos e irresist\u00edveis de chocolate ao leite com recheio sabor brigadeiro, garantindo um toque doce para qualquer hora do dia.<br \/>\n<strong>Detalhes\u00a0<\/strong><br \/>\n\u2022 Medidas: Comprimento: 13cm | Largura: 14cm | Altura: 23,5cm.<br \/>\n\u2022 Capacidade de 750 ml.<br \/>\n\u2022 Acompanha\u00a0<strong>bombons de chocolate ao leite recheados sabor brigadeiro<\/strong>.<br \/>\n\u2022 Material: pl\u00e1stico resistente.<br \/>\n<strong>Por que escolher o Copo Chocomonstros Bartolomeu 750ml?<\/strong><br \/>\nUma combina\u00e7\u00e3o perfeita de utilidade, fofura e sabor! Ideal para quem ama os\u00a0<strong>Chocomonstros\u00a0<\/strong>e quer deixar o dia mais divertido e doce, uma companhia especial e de muita utilidade.<\/p>\n","protected":false},"excerpt":{"rendered":"<p><strong>Copo\u00a0<\/strong>colorido do\u00a0<strong>Bartolomeu\u00a0<\/strong>com 750ml e<strong>\u00a0bombons de chocolate ao leite recheados sabor brigadeiro<\/strong>.<\/p>\n","protected":false},"featured_media":337,"template":"","meta":{"site-sidebar-layout":"default","site-content-layout":"","ast-site-content-layout":"default","site-content-style":"default","site-sidebar-style":"default","ast-global-header-display":"","ast-banner-title-visibility":"","ast-main-header-display":"","ast-hfb-above-header-display":"","ast-hfb-below-header-display":"","ast-hfb-mobile-header-display":"","site-post-title":"","ast-breadcrumbs-content":"","ast-featured-img":"","footer-sml-layout":"","theme-transparent-header-meta":"default","adv-header-id-meta":"","stick-header-meta":"","header-above-stick-meta":"","header-main-stick-meta":"","header-below-stick-meta":"","astra-migrate-meta-layouts":"set","ast-page-background-enabled":"default","ast-page-background-meta":{"desktop":{"background-color":"","background-image":"","background-repeat":"repeat","background-position":"center center","background-size":"auto","background-attachment":"scroll","background-type":"","background-media":"","overlay-type":"","overlay-color":"","overlay-opacity":"","overlay-gradient":""},"tablet":{"background-color":"","background-image":"","background-repeat":"repeat","background-position":"center center","background-size":"auto","background-attachment":"scroll","background-type":"","background-media":"","overlay-type":"","overlay-color":"","overlay-opacity":"","overlay-gradient":""},"mobile":{"background-color":"","background-image":"","background-repeat":"repeat","background-position":"center center","background-size":"auto","background-attachment":"scroll","background-type":"","background-media":"","overlay-type":"","overlay-color":"","overlay-opacity":"","overlay-gradient":""}},"ast-content-background-meta":{"desktop":{"background-color":"var(--ast-global-color-5)","background-image":"","background-repeat":"repeat","background-position":"center center","background-size":"auto","background-attachment":"scroll","background-type":"","background-media":"","overlay-type":"","overlay-color":"","overlay-opacity":"","overlay-gradient":""},"tablet":{"background-color":"var(--ast-global-color-5)","background-image":"","background-repeat":"repeat","background-position":"center center","background-size":"auto","background-attachment":"scroll","background-type":"","background-media":"","overlay-type":"","overlay-color":"","overlay-opacity":"","overlay-gradient":""},"mobile":{"background-color":"var(--ast-global-color-5)","background-image":"","background-repeat":"repeat","background-position":"center center","background-size":"auto","background-attachment":"scroll","background-type":"","background-media":"","overlay-type":"","overlay-color":"","overlay-opacity":"","overlay-gradient":""}}},"product_brand":[],"product_cat":[29],"product_tag":[],"class_list":{"0":"post-334","1":"product","2":"type-product","3":"status-publish","4":"has-post-thumbnail","6":"product_cat-exclusivos","7":"desktop-align-left","8":"tablet-align-left","9":"mobile-align-left","11":"first","12":"outofstock","13":"sale","14":"taxable","15":"shipping-taxable","16":"purchasable","17":"product-type-simple"},"_links":{"self":[{"href":"https:\/\/www.cacaulargodabatalha.com.br\/loja\/wp-json\/wp\/v2\/product\/334","targetHints":{"allow":["GET"]}}],"collection":[{"href":"https:\/\/www.cacaulargodabatalha.com.br\/loja\/wp-json\/wp\/v2\/product"}],"about":[{"href":"https:\/\/www.cacaulargodabatalha.com.br\/loja\/wp-json\/wp\/v2\/types\/product"}],"wp:featuredmedia":[{"embeddable":true,"href":"https:\/\/www.cacaulargodabatalha.com.br\/loja\/wp-json\/wp\/v2\/media\/337"}],"wp:attachment":[{"href":"https:\/\/www.cacaulargodabatalha.com.br\/loja\/wp-json\/wp\/v2\/media?parent=334"}],"wp:term":[{"taxonomy":"product_brand","embeddable":true,"href":"https:\/\/www.cacaulargodabatalha.com.br\/loja\/wp-json\/wp\/v2\/product_brand?post=334"},{"taxonomy":"product_cat","embeddable":true,"href":"https:\/\/www.cacaulargodabatalha.com.br\/loja\/wp-json\/wp\/v2\/product_cat?post=334"},{"taxonomy":"product_tag","embeddable":true,"href":"https:\/\/www.cacaulargodabatalha.com.br\/loja\/wp-json\/wp\/v2\/product_tag?post=334"}],"curies":[{"name":"wp","href":"https:\/\/api.w.org\/{rel}","templated":true}]}}