{"id":312,"date":"2025-11-23T20:50:13","date_gmt":"2025-11-23T23:50:13","guid":{"rendered":"https:\/\/www.cacaulargodabatalha.com.br\/loja\/?post_type=product&#038;p=312"},"modified":"2026-03-27T17:26:27","modified_gmt":"2026-03-27T20:26:27","slug":"trufa-artesanal-ao-leite-de-panetone-30g","status":"publish","type":"product","link":"https:\/\/www.cacaulargodabatalha.com.br\/loja\/produto\/trufa-artesanal-ao-leite-de-panetone-30g\/","title":{"rendered":"Trufa Artesanal ao Leite de Panetone 30g"},"content":{"rendered":"<p><strong>Conhe\u00e7a a magia da Trufa Artesanal ao Leite de Panetone 30g da Cacau Show<\/strong><br \/>\nA<strong>\u00a0Trufa Artesanal ao Leite de Panetone\u00a0<\/strong>da\u00a0<strong>Cacau Show\u00a0<\/strong>\u00e9 a combina\u00e7\u00e3o perfeita do tradicional sabor do panetone com a cremosidade do\u00a0<strong>chocolate branco e chocolate ao leite,<\/strong>\u00a0ideal para quem busca um momento de leveza no dia e at\u00e9 mesmo um sabor especial nas\u00a0<strong>festas de fim de ano<\/strong>. Combina textura e sabor de maneira \u00fanica a cada mordida.<\/p>\n<p><strong>Sabor que encanta<\/strong><br \/>\n<strong>Trufa de chocolate branco sabor panetone com frutas cristalizadas e uvas-passas<\/strong>, coberta com\u00a0<strong>chocolate ao leite<\/strong>. Essa trufa proporciona uma experi\u00eancia que combina o melhor das duas tradi\u00e7\u00f5es. Cada mordida \u00e9 uma viagem sensorial ao universo do\u00a0<strong>Natal<\/strong>, trazendo o sabor aconchegante das frutas secas e a textura suave do chocolate.<\/p>\n<p><strong>Detalhes\u00a0<\/strong><br \/>\n\u2022\u00a0\u00a0\u00a0\u00a0Textura macia.<br \/>\n\u2022\u00a0\u00a0\u00a0\u00a0Recheio cremoso.<br \/>\n\u2022\u00a0\u00a0\u00a0\u00a0Sabor marcante.<\/p>\n<p><strong>Por que escolher a Trufa Artesanal ao Leite de Panetone 30g?\u00a0<\/strong><br \/>\nEscolher a\u00a0<strong>Trufa Artesanal ao Leite de Panetone<\/strong>\u00a0\u00e9 optar por uma combina\u00e7\u00e3o de sabor e tradi\u00e7\u00e3o que vai encantar seu paladar. Feita artesanalmente, essa trufa \u00e9 a escolha perfeita para quem deseja um toque de tradi\u00e7\u00e3o e harmonia nas<strong>\u00a0festas de fim de ano<\/strong>.<\/p>\n","protected":false},"excerpt":{"rendered":"<p>Conhe\u00e7a a\u00a0<strong>Trufa Artesanal ao Leite de Panetone<\/strong>, perfeita para celebrar o Natal com sabor e eleg\u00e2ncia, al\u00e9m de proporcionar uma experi\u00eancia sensorial \u00fanica.<\/p>\n","protected":false},"featured_media":313,"template":"","meta":{"site-sidebar-layout":"default","site-content-layout":"","ast-site-content-layout":"default","site-content-style":"default","site-sidebar-style":"default","ast-global-header-display":"","ast-banner-title-visibility":"","ast-main-header-display":"","ast-hfb-above-header-display":"","ast-hfb-below-header-display":"","ast-hfb-mobile-header-display":"","site-post-title":"","ast-breadcrumbs-content":"","ast-featured-img":"","footer-sml-layout":"","theme-transparent-header-meta":"default","adv-header-id-meta":"","stick-header-meta":"","header-above-stick-meta":"","header-main-stick-meta":"","header-below-stick-meta":"","astra-migrate-meta-layouts":"set","ast-page-background-enabled":"default","ast-page-background-meta":{"desktop":{"background-color":"","background-image":"","background-repeat":"repeat","background-position":"center center","background-size":"auto","background-attachment":"scroll","background-type":"","background-media":"","overlay-type":"","overlay-color":"","overlay-opacity":"","overlay-gradient":""},"tablet":{"background-color":"","background-image":"","background-repeat":"repeat","background-position":"center center","background-size":"auto","background-attachment":"scroll","background-type":"","background-media":"","overlay-type":"","overlay-color":"","overlay-opacity":"","overlay-gradient":""},"mobile":{"background-color":"","background-image":"","background-repeat":"repeat","background-position":"center center","background-size":"auto","background-attachment":"scroll","background-type":"","background-media":"","overlay-type":"","overlay-color":"","overlay-opacity":"","overlay-gradient":""}},"ast-content-background-meta":{"desktop":{"background-color":"var(--ast-global-color-5)","background-image":"","background-repeat":"repeat","background-position":"center center","background-size":"auto","background-attachment":"scroll","background-type":"","background-media":"","overlay-type":"","overlay-color":"","overlay-opacity":"","overlay-gradient":""},"tablet":{"background-color":"var(--ast-global-color-5)","background-image":"","background-repeat":"repeat","background-position":"center center","background-size":"auto","background-attachment":"scroll","background-type":"","background-media":"","overlay-type":"","overlay-color":"","overlay-opacity":"","overlay-gradient":""},"mobile":{"background-color":"var(--ast-global-color-5)","background-image":"","background-repeat":"repeat","background-position":"center center","background-size":"auto","background-attachment":"scroll","background-type":"","background-media":"","overlay-type":"","overlay-color":"","overlay-opacity":"","overlay-gradient":""}}},"product_brand":[],"product_cat":[28],"product_tag":[],"class_list":{"0":"post-312","1":"product","2":"type-product","3":"status-publish","4":"has-post-thumbnail","6":"product_cat-natal-2025","7":"desktop-align-left","8":"tablet-align-left","9":"mobile-align-left","11":"first","12":"outofstock","13":"sale","14":"taxable","15":"shipping-taxable","16":"purchasable","17":"product-type-simple"},"_links":{"self":[{"href":"https:\/\/www.cacaulargodabatalha.com.br\/loja\/wp-json\/wp\/v2\/product\/312","targetHints":{"allow":["GET"]}}],"collection":[{"href":"https:\/\/www.cacaulargodabatalha.com.br\/loja\/wp-json\/wp\/v2\/product"}],"about":[{"href":"https:\/\/www.cacaulargodabatalha.com.br\/loja\/wp-json\/wp\/v2\/types\/product"}],"wp:featuredmedia":[{"embeddable":true,"href":"https:\/\/www.cacaulargodabatalha.com.br\/loja\/wp-json\/wp\/v2\/media\/313"}],"wp:attachment":[{"href":"https:\/\/www.cacaulargodabatalha.com.br\/loja\/wp-json\/wp\/v2\/media?parent=312"}],"wp:term":[{"taxonomy":"product_brand","embeddable":true,"href":"https:\/\/www.cacaulargodabatalha.com.br\/loja\/wp-json\/wp\/v2\/product_brand?post=312"},{"taxonomy":"product_cat","embeddable":true,"href":"https:\/\/www.cacaulargodabatalha.com.br\/loja\/wp-json\/wp\/v2\/product_cat?post=312"},{"taxonomy":"product_tag","embeddable":true,"href":"https:\/\/www.cacaulargodabatalha.com.br\/loja\/wp-json\/wp\/v2\/product_tag?post=312"}],"curies":[{"name":"wp","href":"https:\/\/api.w.org\/{rel}","templated":true}]}}