{"id":298,"date":"2025-11-23T20:21:27","date_gmt":"2025-11-23T23:21:27","guid":{"rendered":"https:\/\/www.cacaulargodabatalha.com.br\/loja\/?post_type=product&#038;p=298"},"modified":"2025-12-25T19:41:01","modified_gmt":"2025-12-25T22:41:01","slug":"caixa-de-chocolates-cacau-magia-feliz-natal-88g","status":"publish","type":"product","link":"https:\/\/www.cacaulargodabatalha.com.br\/loja\/produto\/caixa-de-chocolates-cacau-magia-feliz-natal-88g\/","title":{"rendered":"Caixa de Chocolates Cacau Magia Feliz Natal 88g"},"content":{"rendered":"<p><strong>Conhe\u00e7a a magia da Caixa de Chocolates Cacau Magia Feliz Natal 88g da Cacau Show<\/strong><\/p>\n<p>A\u00a0<strong>Caixa de Chocolates Cacau Magia Feliz Natal\u00a0<\/strong>da\u00a0<strong>Cacau Show<\/strong>\u00a0\u00e9 a certeza de uma comemora\u00e7\u00e3o de\u00a0<strong>Natal\u00a0<\/strong>linda e com muito carinho. Conta com uma sele\u00e7\u00e3o de chocolates finos e um visual encantador. Ideal para presentear e compartilhar momentos.<\/p>\n<p><strong>Sabor que encanta<\/strong><br \/>\nEsta caixa traz uma combina\u00e7\u00e3o irresist\u00edvel:\u00a0<strong>bombons ao leite com recheio de leite<\/strong>, um\u00a0<strong>pinheiro de chocolate ao leite decorado<\/strong>\u00a0e um\u00a0<strong>papai noel de chocolate branco decorado<\/strong>. Cuidadosamente selecionados para proporcionar uma experi\u00eancia de sabor \u00fanica. Cada bombom \u00e9 uma del\u00edcia que derrete na boca, oferecendo uma explos\u00e3o de sabores que vai encantar todos os paladares.<\/p>\n<p><strong>Detalhes\u00a0<\/strong><\/p>\n<p>\u2022\u00a0Bombons de\u00a0<strong>chocolates finos<\/strong>\u00a0selecionados.<br \/>\n\u2022\u00a0Uma textura agrad\u00e1vel ao paladar.<br \/>\n\u2022\u00a0Visual atrativo e moderno.<\/p>\n<p><strong>Por que escolher a Caixa de Chocolates Cacau Magia Feliz Natal 88g?\u00a0<\/strong><br \/>\nEscolher a\u00a0<strong>Caixa de Chocolates Cacau Magia Feliz Natal\u00a0<\/strong>\u00e9 escolher delicadeza e muito sabor para a \u00e9poca mais esperada do ano. Com uma apresenta\u00e7\u00e3o cativante e chocolates de alta qualidade, esta caixa \u00e9 uma \u00f3tima aposta para demonstrar carinho.<\/p>\n","protected":false},"excerpt":{"rendered":"<p>Com uma sele\u00e7\u00e3o de chocolates finos e uma embalagem encantadora, a Caixa de Chocolates Cacau Magia Feliz Natal \u00e9 ideal para presentear e celebrar de forma especial.<\/p>\n","protected":false},"featured_media":299,"template":"","meta":{"site-sidebar-layout":"default","site-content-layout":"","ast-site-content-layout":"default","site-content-style":"default","site-sidebar-style":"default","ast-global-header-display":"","ast-banner-title-visibility":"","ast-main-header-display":"","ast-hfb-above-header-display":"","ast-hfb-below-header-display":"","ast-hfb-mobile-header-display":"","site-post-title":"","ast-breadcrumbs-content":"","ast-featured-img":"","footer-sml-layout":"","theme-transparent-header-meta":"default","adv-header-id-meta":"","stick-header-meta":"","header-above-stick-meta":"","header-main-stick-meta":"","header-below-stick-meta":"","astra-migrate-meta-layouts":"set","ast-page-background-enabled":"default","ast-page-background-meta":{"desktop":{"background-color":"","background-image":"","background-repeat":"repeat","background-position":"center center","background-size":"auto","background-attachment":"scroll","background-type":"","background-media":"","overlay-type":"","overlay-color":"","overlay-opacity":"","overlay-gradient":""},"tablet":{"background-color":"","background-image":"","background-repeat":"repeat","background-position":"center center","background-size":"auto","background-attachment":"scroll","background-type":"","background-media":"","overlay-type":"","overlay-color":"","overlay-opacity":"","overlay-gradient":""},"mobile":{"background-color":"","background-image":"","background-repeat":"repeat","background-position":"center center","background-size":"auto","background-attachment":"scroll","background-type":"","background-media":"","overlay-type":"","overlay-color":"","overlay-opacity":"","overlay-gradient":""}},"ast-content-background-meta":{"desktop":{"background-color":"var(--ast-global-color-5)","background-image":"","background-repeat":"repeat","background-position":"center center","background-size":"auto","background-attachment":"scroll","background-type":"","background-media":"","overlay-type":"","overlay-color":"","overlay-opacity":"","overlay-gradient":""},"tablet":{"background-color":"var(--ast-global-color-5)","background-image":"","background-repeat":"repeat","background-position":"center center","background-size":"auto","background-attachment":"scroll","background-type":"","background-media":"","overlay-type":"","overlay-color":"","overlay-opacity":"","overlay-gradient":""},"mobile":{"background-color":"var(--ast-global-color-5)","background-image":"","background-repeat":"repeat","background-position":"center center","background-size":"auto","background-attachment":"scroll","background-type":"","background-media":"","overlay-type":"","overlay-color":"","overlay-opacity":"","overlay-gradient":""}}},"product_brand":[],"product_cat":[28],"product_tag":[],"class_list":{"0":"post-298","1":"product","2":"type-product","3":"status-publish","4":"has-post-thumbnail","6":"product_cat-natal-2025","7":"desktop-align-left","8":"tablet-align-left","9":"mobile-align-left","11":"first","12":"outofstock","13":"sale","14":"taxable","15":"shipping-taxable","16":"purchasable","17":"product-type-simple"},"_links":{"self":[{"href":"https:\/\/www.cacaulargodabatalha.com.br\/loja\/wp-json\/wp\/v2\/product\/298","targetHints":{"allow":["GET"]}}],"collection":[{"href":"https:\/\/www.cacaulargodabatalha.com.br\/loja\/wp-json\/wp\/v2\/product"}],"about":[{"href":"https:\/\/www.cacaulargodabatalha.com.br\/loja\/wp-json\/wp\/v2\/types\/product"}],"wp:featuredmedia":[{"embeddable":true,"href":"https:\/\/www.cacaulargodabatalha.com.br\/loja\/wp-json\/wp\/v2\/media\/299"}],"wp:attachment":[{"href":"https:\/\/www.cacaulargodabatalha.com.br\/loja\/wp-json\/wp\/v2\/media?parent=298"}],"wp:term":[{"taxonomy":"product_brand","embeddable":true,"href":"https:\/\/www.cacaulargodabatalha.com.br\/loja\/wp-json\/wp\/v2\/product_brand?post=298"},{"taxonomy":"product_cat","embeddable":true,"href":"https:\/\/www.cacaulargodabatalha.com.br\/loja\/wp-json\/wp\/v2\/product_cat?post=298"},{"taxonomy":"product_tag","embeddable":true,"href":"https:\/\/www.cacaulargodabatalha.com.br\/loja\/wp-json\/wp\/v2\/product_tag?post=298"}],"curies":[{"name":"wp","href":"https:\/\/api.w.org\/{rel}","templated":true}]}}