{"id":269,"date":"2025-11-23T19:51:11","date_gmt":"2025-11-23T22:51:11","guid":{"rendered":"https:\/\/www.cacaulargodabatalha.com.br\/loja\/?post_type=product&#038;p=269"},"modified":"2026-01-08T12:02:39","modified_gmt":"2026-01-08T15:02:39","slug":"drageados-ao-leite-com-licor-de-cereja-200g","status":"publish","type":"product","link":"https:\/\/www.cacaulargodabatalha.com.br\/loja\/produto\/drageados-ao-leite-com-licor-de-cereja-200g\/","title":{"rendered":"Drageados ao Leite com Licor de Cereja 200g"},"content":{"rendered":"<p><strong>Conhe\u00e7a a magia dos Drageados ao Leite com Licor de Cereja 200g da Cacau Show<\/strong><br \/>\nOs\u00a0<strong>Drageados ao Leite com Licor de Cereja<\/strong>\u00a0da\u00a0<strong>Cacau Show<\/strong>\u00a0trazem um toque de sofistica\u00e7\u00e3o para esse momento especial. Ideal para compartilhar com os amigos e fam\u00edlia, para saborear e tornar o\u00a0<strong>Natal\u00a0<\/strong>ainda mais doce.<\/p>\n<p><strong>Sabor que encanta<\/strong><br \/>\nDrageados crocantes com um delicioso\u00a0<strong>chocolate ao leite com licor de cereja<\/strong>. Essa combina\u00e7\u00e3o \u00fanica cria uma experi\u00eancia sensorial inesquec\u00edvel.<\/p>\n<p><strong>Detalhes<\/strong><br \/>\n\u2022\u00a0\u00a0\u00a0\u00a0Crocante.<br \/>\n\u2022\u00a0\u00a0\u00a0\u00a0Alta qualidade.<br \/>\n\u2022\u00a0\u00a0\u00a0\u00a0Ideal para presentear ou compartilhar.<\/p>\n<p><strong>Por que escolher os Drageados ao Leite com Licor de Cereja 200g?\u00a0<\/strong><br \/>\nEscolher os\u00a0<strong>Drageados ao Leite com Licor de Cereja<\/strong>\u00a0\u00e9 optar por sofistica\u00e7\u00e3o. Essas\u00a0<strong>bolinhas de chocolate com licor\u00a0<\/strong>ir\u00e3o encantar seu paladar!<\/p>\n","protected":false},"excerpt":{"rendered":"<p>Conhe\u00e7a a magia dos Drageados ao Leite com Licor de Cereja 200g da Cacau Show Os\u00a0Drageados ao Leite com Licor de Cereja\u00a0da\u00a0Cacau Show\u00a0trazem um toque de sofistica\u00e7\u00e3o para esse momento especial. Ideal para compartilhar com os amigos e fam\u00edlia, para saborear e tornar o\u00a0Natal\u00a0ainda mais doce. Sabor que encanta Drageados crocantes com um delicioso\u00a0chocolate ao [&hellip;]<\/p>\n","protected":false},"featured_media":270,"template":"","meta":{"site-sidebar-layout":"default","site-content-layout":"","ast-site-content-layout":"default","site-content-style":"default","site-sidebar-style":"default","ast-global-header-display":"","ast-banner-title-visibility":"","ast-main-header-display":"","ast-hfb-above-header-display":"","ast-hfb-below-header-display":"","ast-hfb-mobile-header-display":"","site-post-title":"","ast-breadcrumbs-content":"","ast-featured-img":"","footer-sml-layout":"","theme-transparent-header-meta":"default","adv-header-id-meta":"","stick-header-meta":"","header-above-stick-meta":"","header-main-stick-meta":"","header-below-stick-meta":"","astra-migrate-meta-layouts":"set","ast-page-background-enabled":"default","ast-page-background-meta":{"desktop":{"background-color":"","background-image":"","background-repeat":"repeat","background-position":"center center","background-size":"auto","background-attachment":"scroll","background-type":"","background-media":"","overlay-type":"","overlay-color":"","overlay-opacity":"","overlay-gradient":""},"tablet":{"background-color":"","background-image":"","background-repeat":"repeat","background-position":"center center","background-size":"auto","background-attachment":"scroll","background-type":"","background-media":"","overlay-type":"","overlay-color":"","overlay-opacity":"","overlay-gradient":""},"mobile":{"background-color":"","background-image":"","background-repeat":"repeat","background-position":"center center","background-size":"auto","background-attachment":"scroll","background-type":"","background-media":"","overlay-type":"","overlay-color":"","overlay-opacity":"","overlay-gradient":""}},"ast-content-background-meta":{"desktop":{"background-color":"var(--ast-global-color-5)","background-image":"","background-repeat":"repeat","background-position":"center center","background-size":"auto","background-attachment":"scroll","background-type":"","background-media":"","overlay-type":"","overlay-color":"","overlay-opacity":"","overlay-gradient":""},"tablet":{"background-color":"var(--ast-global-color-5)","background-image":"","background-repeat":"repeat","background-position":"center center","background-size":"auto","background-attachment":"scroll","background-type":"","background-media":"","overlay-type":"","overlay-color":"","overlay-opacity":"","overlay-gradient":""},"mobile":{"background-color":"var(--ast-global-color-5)","background-image":"","background-repeat":"repeat","background-position":"center center","background-size":"auto","background-attachment":"scroll","background-type":"","background-media":"","overlay-type":"","overlay-color":"","overlay-opacity":"","overlay-gradient":""}}},"product_brand":[],"product_cat":[28],"product_tag":[],"class_list":{"0":"post-269","1":"product","2":"type-product","3":"status-publish","4":"has-post-thumbnail","6":"product_cat-natal-2025","7":"desktop-align-left","8":"tablet-align-left","9":"mobile-align-left","11":"first","12":"outofstock","13":"sale","14":"taxable","15":"shipping-taxable","16":"purchasable","17":"product-type-simple"},"_links":{"self":[{"href":"https:\/\/www.cacaulargodabatalha.com.br\/loja\/wp-json\/wp\/v2\/product\/269","targetHints":{"allow":["GET"]}}],"collection":[{"href":"https:\/\/www.cacaulargodabatalha.com.br\/loja\/wp-json\/wp\/v2\/product"}],"about":[{"href":"https:\/\/www.cacaulargodabatalha.com.br\/loja\/wp-json\/wp\/v2\/types\/product"}],"wp:featuredmedia":[{"embeddable":true,"href":"https:\/\/www.cacaulargodabatalha.com.br\/loja\/wp-json\/wp\/v2\/media\/270"}],"wp:attachment":[{"href":"https:\/\/www.cacaulargodabatalha.com.br\/loja\/wp-json\/wp\/v2\/media?parent=269"}],"wp:term":[{"taxonomy":"product_brand","embeddable":true,"href":"https:\/\/www.cacaulargodabatalha.com.br\/loja\/wp-json\/wp\/v2\/product_brand?post=269"},{"taxonomy":"product_cat","embeddable":true,"href":"https:\/\/www.cacaulargodabatalha.com.br\/loja\/wp-json\/wp\/v2\/product_cat?post=269"},{"taxonomy":"product_tag","embeddable":true,"href":"https:\/\/www.cacaulargodabatalha.com.br\/loja\/wp-json\/wp\/v2\/product_tag?post=269"}],"curies":[{"name":"wp","href":"https:\/\/api.w.org\/{rel}","templated":true}]}}