{"id":211,"date":"2025-11-23T18:09:25","date_gmt":"2025-11-23T21:09:25","guid":{"rendered":"https:\/\/www.cacaulargodabatalha.com.br\/loja\/?post_type=product&#038;p=211"},"modified":"2026-01-08T12:01:27","modified_gmt":"2026-01-08T15:01:27","slug":"panetone-dreams-mil-folhas-900g","status":"publish","type":"product","link":"https:\/\/www.cacaulargodabatalha.com.br\/loja\/produto\/panetone-dreams-mil-folhas-900g\/","title":{"rendered":"Panetone Dreams Mil-Folhas 900g"},"content":{"rendered":"<p><strong>Conhe\u00e7a a magia do Panetone Dreams Mil-Folhas 900g da Cacau Show<\/strong><\/p>\n<p>Encante-se neste Natal com o\u00a0<strong>Panetone Dreams Mil-Folhas<\/strong>, uma op\u00e7\u00e3o irresist\u00edvel para os amantes de\u00a0<strong>Mil-Folhas.<\/strong>\u00a0Com\u00a0<strong>gotas de chocolate ao leite, cobertura de chocolate ao leite e branco e recheio de trufa branca<\/strong>, ele proporciona uma experi\u00eancia sofisticada e deliciosa, sendo \u00fanico e muito marcante. Para completar, acompanha um<strong>\u00a0pote com creme sabor mil-folhar e wafer crocante<\/strong>, permitindo que voc\u00ea finalize a sobremesa em casa do jeito que quiser.<\/p>\n<p><strong>Sabor que encanta<\/strong><br \/>\nA combina\u00e7\u00e3o da c<strong>remosidade do nosso creme Mil-Folhas com o crocante do wafer<\/strong>\u00a0cria uma experi\u00eancia \u00fanica e marcante no paladar. Cada fatia do\u00a0<strong>Panetone Dreams Mil-Folhas<\/strong>\u00a0oferece equil\u00edbrio perfeito entre chocolate ao leite e branco, recheio de trufa branca e creme de mil-folhas com wafer, garantindo momentos inesquec\u00edveis de sabor durante o\u00a0<strong>Natal<\/strong>.<\/p>\n<p><strong>Detalhes<\/strong><br \/>\n\u2022\u00a0Panetone com\u00a0<strong>gotas de chocolate ao leite, recheio de trufa branca e cobertura de chocolate ao leite e branco.<\/strong><br \/>\n\u2022\u00a0Acompanha<strong>\u00a0pote de creme sabor mil-folhas e wafer crocante<\/strong>\u00a0para finalizar em casa.<br \/>\n\u2022\u00a0<strong>Massa macia<\/strong>\u00a0e saborosa, perfeita para compartilhar.<br \/>\n\u2022\u00a0Ideal para\u00a0<strong>presentear\u00a0<\/strong>ou servir nas festas de\u00a0<strong>Natal<\/strong><\/p>\n<p><strong>Por que escolher o Panetone Dreams Mil-Folhas 900g?<\/strong><br \/>\nO\u00a0<strong>Panetone Dreams Mil-Folhas<\/strong>\u00a0\u00e9 a op\u00e7\u00e3o perfeita para uma experi\u00eancia de sabor completa. Uma combina\u00e7\u00e3o de\u00a0<strong>cremosidade, croc\u00e2ncia e chocolate<\/strong>\u00a0que transforma o Natal em um momento ainda mais especial e inesquec\u00edvel, seja para um presente de\u00a0<strong>Natal\u00a0<\/strong>marcante ou para se deliciar nas festas de fim de ano.<\/p>\n","protected":false},"excerpt":{"rendered":"<p>Panetone Dreams Mil-Folhas: gotas ao leite, recheio de trufa branca e decora\u00e7\u00e3o com chocolate ao leite e branco. Acompanha creme mil-folhas.<\/p>\n","protected":false},"featured_media":212,"template":"","meta":{"site-sidebar-layout":"default","site-content-layout":"","ast-site-content-layout":"default","site-content-style":"default","site-sidebar-style":"default","ast-global-header-display":"","ast-banner-title-visibility":"","ast-main-header-display":"","ast-hfb-above-header-display":"","ast-hfb-below-header-display":"","ast-hfb-mobile-header-display":"","site-post-title":"","ast-breadcrumbs-content":"","ast-featured-img":"","footer-sml-layout":"","theme-transparent-header-meta":"default","adv-header-id-meta":"","stick-header-meta":"","header-above-stick-meta":"","header-main-stick-meta":"","header-below-stick-meta":"","astra-migrate-meta-layouts":"set","ast-page-background-enabled":"default","ast-page-background-meta":{"desktop":{"background-color":"","background-image":"","background-repeat":"repeat","background-position":"center center","background-size":"auto","background-attachment":"scroll","background-type":"","background-media":"","overlay-type":"","overlay-color":"","overlay-opacity":"","overlay-gradient":""},"tablet":{"background-color":"","background-image":"","background-repeat":"repeat","background-position":"center center","background-size":"auto","background-attachment":"scroll","background-type":"","background-media":"","overlay-type":"","overlay-color":"","overlay-opacity":"","overlay-gradient":""},"mobile":{"background-color":"","background-image":"","background-repeat":"repeat","background-position":"center center","background-size":"auto","background-attachment":"scroll","background-type":"","background-media":"","overlay-type":"","overlay-color":"","overlay-opacity":"","overlay-gradient":""}},"ast-content-background-meta":{"desktop":{"background-color":"var(--ast-global-color-5)","background-image":"","background-repeat":"repeat","background-position":"center center","background-size":"auto","background-attachment":"scroll","background-type":"","background-media":"","overlay-type":"","overlay-color":"","overlay-opacity":"","overlay-gradient":""},"tablet":{"background-color":"var(--ast-global-color-5)","background-image":"","background-repeat":"repeat","background-position":"center center","background-size":"auto","background-attachment":"scroll","background-type":"","background-media":"","overlay-type":"","overlay-color":"","overlay-opacity":"","overlay-gradient":""},"mobile":{"background-color":"var(--ast-global-color-5)","background-image":"","background-repeat":"repeat","background-position":"center center","background-size":"auto","background-attachment":"scroll","background-type":"","background-media":"","overlay-type":"","overlay-color":"","overlay-opacity":"","overlay-gradient":""}}},"product_brand":[],"product_cat":[28],"product_tag":[],"class_list":{"0":"post-211","1":"product","2":"type-product","3":"status-publish","4":"has-post-thumbnail","6":"product_cat-natal-2025","7":"desktop-align-left","8":"tablet-align-left","9":"mobile-align-left","11":"first","12":"outofstock","13":"sale","14":"featured","15":"taxable","16":"shipping-taxable","17":"purchasable","18":"product-type-simple"},"_links":{"self":[{"href":"https:\/\/www.cacaulargodabatalha.com.br\/loja\/wp-json\/wp\/v2\/product\/211","targetHints":{"allow":["GET"]}}],"collection":[{"href":"https:\/\/www.cacaulargodabatalha.com.br\/loja\/wp-json\/wp\/v2\/product"}],"about":[{"href":"https:\/\/www.cacaulargodabatalha.com.br\/loja\/wp-json\/wp\/v2\/types\/product"}],"wp:featuredmedia":[{"embeddable":true,"href":"https:\/\/www.cacaulargodabatalha.com.br\/loja\/wp-json\/wp\/v2\/media\/212"}],"wp:attachment":[{"href":"https:\/\/www.cacaulargodabatalha.com.br\/loja\/wp-json\/wp\/v2\/media?parent=211"}],"wp:term":[{"taxonomy":"product_brand","embeddable":true,"href":"https:\/\/www.cacaulargodabatalha.com.br\/loja\/wp-json\/wp\/v2\/product_brand?post=211"},{"taxonomy":"product_cat","embeddable":true,"href":"https:\/\/www.cacaulargodabatalha.com.br\/loja\/wp-json\/wp\/v2\/product_cat?post=211"},{"taxonomy":"product_tag","embeddable":true,"href":"https:\/\/www.cacaulargodabatalha.com.br\/loja\/wp-json\/wp\/v2\/product_tag?post=211"}],"curies":[{"name":"wp","href":"https:\/\/api.w.org\/{rel}","templated":true}]}}